{"id":32473,"date":"2024-08-22T03:15:21","date_gmt":"2024-08-22T00:15:21","guid":{"rendered":"https:\/\/shakesnack.lt\/vilnius-antakalnio\/?post_type=product&#038;p=32473"},"modified":"2026-02-07T15:31:41","modified_gmt":"2026-02-07T13:31:41","slug":"5-wok-su-vistiena-unagi-padazu-ir-kiausiniais-makaronais","status":"publish","type":"product","link":"https:\/\/shakesnack.lt\/vilnius-antakalnio\/p\/5-wok-su-vistiena-unagi-padazu-ir-kiausiniais-makaronais\/","title":{"rendered":"3. WOK SU VI\u0160TIENA, UNAGI pada\u017eu ir kiau\u0161ininiais makaronais"},"content":{"rendered":"","protected":false},"excerpt":{"rendered":"<p>Su marinuota vi\u0161tiena, kepintomis morkomis, \u0161itakiais, kininiais kop\u016bstais, brokoliais, baltaisiais ridikais, svog\u016bn\u0173 tra\u0161ku\u010diais, lai\u0161kinio \u010desnako \u017ealuma.<\/p>\n","protected":false},"featured_media":32454,"template":"","meta":{"inline_featured_image":false},"product_cat":[162],"product_tag":[],"class_list":{"0":"post-32473","1":"product","2":"type-product","3":"status-publish","4":"has-post-thumbnail","6":"product_cat-wok-azijietiski-makaronai","8":"first","9":"instock","10":"taxable","11":"shipping-taxable","12":"purchasable","13":"product-type-simple"},"acf":[],"aioseo_notices":[],"_links":{"self":[{"href":"https:\/\/shakesnack.lt\/vilnius-antakalnio\/wp-json\/wp\/v2\/product\/32473"}],"collection":[{"href":"https:\/\/shakesnack.lt\/vilnius-antakalnio\/wp-json\/wp\/v2\/product"}],"about":[{"href":"https:\/\/shakesnack.lt\/vilnius-antakalnio\/wp-json\/wp\/v2\/types\/product"}],"wp:featuredmedia":[{"embeddable":true,"href":"https:\/\/shakesnack.lt\/vilnius-antakalnio\/wp-json\/wp\/v2\/media\/32454"}],"wp:attachment":[{"href":"https:\/\/shakesnack.lt\/vilnius-antakalnio\/wp-json\/wp\/v2\/media?parent=32473"}],"wp:term":[{"taxonomy":"product_cat","embeddable":true,"href":"https:\/\/shakesnack.lt\/vilnius-antakalnio\/wp-json\/wp\/v2\/product_cat?post=32473"},{"taxonomy":"product_tag","embeddable":true,"href":"https:\/\/shakesnack.lt\/vilnius-antakalnio\/wp-json\/wp\/v2\/product_tag?post=32473"}],"curies":[{"name":"wp","href":"https:\/\/api.w.org\/{rel}","templated":true}]}}