{"id":32332,"date":"2024-08-19T18:00:55","date_gmt":"2024-08-19T15:00:55","guid":{"rendered":"https:\/\/shakesnack.lt\/vilnius-antakalnio\/?post_type=product&#038;p=32332"},"modified":"2026-02-07T15:58:30","modified_gmt":"2026-02-07T13:58:30","slug":"p8-padeklas-8-10-asmenu-72-vnt","status":"publish","type":"product","link":"https:\/\/shakesnack.lt\/vilnius-antakalnio\/p\/p8-padeklas-8-10-asmenu-72-vnt\/","title":{"rendered":"P8. Pad\u0117klas 8-10 asmen\u0173 72 vnt."},"content":{"rendered":"","protected":false},"excerpt":{"rendered":"<p>8 vnt. Sake Avocado Maki (su la\u0161i\u0161a)<br \/>\n8 vnt. Kenryoku (su kepta la\u0161i\u0161a)<br \/>\n8 vnt. Green Sake (su kepta la\u0161i\u0161a)<br \/>\n8 vnt. California Sake (su la\u0161i\u0161a)<br \/>\n8 vnt. Philadelphia Classic (su la\u0161i\u0161a ir dvigubu s\u016briu)<br \/>\n8 vnt. Philadelphia Sesame (su la\u0161i\u0161a)<br \/>\n8 vnt. Royal Ebi (su krevet\u0117mis)<br \/>\n8 vnt. Kuro Unagi (su unguriu)<br \/>\n8 vnt. Philadelphia (su la\u0161i\u0161a ir krab\u0173 lazdel\u0117mis)<\/p>\n","protected":false},"featured_media":32333,"template":"","meta":{"inline_featured_image":false},"product_cat":[153,45,236],"product_tag":[],"class_list":{"0":"post-32332","1":"product","2":"type-product","3":"status-publish","4":"has-post-thumbnail","6":"product_cat-sv-kaledu-ir-n-metu-sventems","7":"product_cat-padeklai","8":"product_cat-rinkiniai-8-10-asmenu","10":"first","11":"instock","12":"taxable","13":"shipping-taxable","14":"purchasable","15":"product-type-simple"},"acf":[],"aioseo_notices":[],"_links":{"self":[{"href":"https:\/\/shakesnack.lt\/vilnius-antakalnio\/wp-json\/wp\/v2\/product\/32332"}],"collection":[{"href":"https:\/\/shakesnack.lt\/vilnius-antakalnio\/wp-json\/wp\/v2\/product"}],"about":[{"href":"https:\/\/shakesnack.lt\/vilnius-antakalnio\/wp-json\/wp\/v2\/types\/product"}],"wp:featuredmedia":[{"embeddable":true,"href":"https:\/\/shakesnack.lt\/vilnius-antakalnio\/wp-json\/wp\/v2\/media\/32333"}],"wp:attachment":[{"href":"https:\/\/shakesnack.lt\/vilnius-antakalnio\/wp-json\/wp\/v2\/media?parent=32332"}],"wp:term":[{"taxonomy":"product_cat","embeddable":true,"href":"https:\/\/shakesnack.lt\/vilnius-antakalnio\/wp-json\/wp\/v2\/product_cat?post=32332"},{"taxonomy":"product_tag","embeddable":true,"href":"https:\/\/shakesnack.lt\/vilnius-antakalnio\/wp-json\/wp\/v2\/product_tag?post=32332"}],"curies":[{"name":"wp","href":"https:\/\/api.w.org\/{rel}","templated":true}]}}