{"id":31493,"date":"2024-08-01T18:31:19","date_gmt":"2024-08-01T15:31:19","guid":{"rendered":"https:\/\/shakesnack.lt\/vilnius-antakalnio\/?post_type=product&#038;p=31493"},"modified":"2026-02-07T16:19:12","modified_gmt":"2026-02-07T14:19:12","slug":"r11-rinkinys-26-vnt","status":"publish","type":"product","link":"https:\/\/shakesnack.lt\/vilnius-antakalnio\/p\/r11-rinkinys-26-vnt\/","title":{"rendered":"R11. Rinkinys 3 asmenims 26 vnt."},"content":{"rendered":"","protected":false},"excerpt":{"rendered":"<p>8 vnt. Tokyo (su la\u0161i\u0161a ir EBI krevet\u0117mis)<br \/>\n8 vnt. Sakura (su r\u016bkytu \u0161amu)<br \/>\n10 vnt. Unagi Sake Tempura (gruzdinti su ungurio tartaru ir la\u0161i\u0161a)<\/p>\n","protected":false},"featured_media":32295,"template":"","meta":{"inline_featured_image":false},"product_cat":[153,41,233],"product_tag":[],"class_list":{"0":"post-31493","1":"product","2":"type-product","3":"status-publish","4":"has-post-thumbnail","6":"product_cat-sv-kaledu-ir-n-metu-sventems","7":"product_cat-rinkiniai","8":"product_cat-rinkiniai-3-4-asmenims","10":"first","11":"instock","12":"taxable","13":"shipping-taxable","14":"purchasable","15":"product-type-simple"},"acf":[],"aioseo_notices":[],"_links":{"self":[{"href":"https:\/\/shakesnack.lt\/vilnius-antakalnio\/wp-json\/wp\/v2\/product\/31493"}],"collection":[{"href":"https:\/\/shakesnack.lt\/vilnius-antakalnio\/wp-json\/wp\/v2\/product"}],"about":[{"href":"https:\/\/shakesnack.lt\/vilnius-antakalnio\/wp-json\/wp\/v2\/types\/product"}],"wp:featuredmedia":[{"embeddable":true,"href":"https:\/\/shakesnack.lt\/vilnius-antakalnio\/wp-json\/wp\/v2\/media\/32295"}],"wp:attachment":[{"href":"https:\/\/shakesnack.lt\/vilnius-antakalnio\/wp-json\/wp\/v2\/media?parent=31493"}],"wp:term":[{"taxonomy":"product_cat","embeddable":true,"href":"https:\/\/shakesnack.lt\/vilnius-antakalnio\/wp-json\/wp\/v2\/product_cat?post=31493"},{"taxonomy":"product_tag","embeddable":true,"href":"https:\/\/shakesnack.lt\/vilnius-antakalnio\/wp-json\/wp\/v2\/product_tag?post=31493"}],"curies":[{"name":"wp","href":"https:\/\/api.w.org\/{rel}","templated":true}]}}