{"id":14498,"date":"2023-04-21T09:35:00","date_gmt":"2023-04-21T06:35:00","guid":{"rendered":"https:\/\/shakesnack.lt\/vilnius-antakalnio\/?post_type=product&#038;p=14498"},"modified":"2026-02-07T18:57:18","modified_gmt":"2026-02-07T16:57:18","slug":"ramenas-su-vistiena","status":"publish","type":"product","link":"https:\/\/shakesnack.lt\/vilnius-antakalnio\/p\/ramenas-su-vistiena\/","title":{"rendered":",,SHAKESNACK\u201c RAMENAS su vi\u0161tiena"},"content":{"rendered":"","protected":false},"excerpt":{"rendered":"<p>Kepinta vi\u0161tiena, pomidoriukai, \u0161itakiai, makaronai, japoni\u0161kas vi\u0161tienos sultinys, svog\u016bn\u0173 lai\u0161kai.<\/p>\n","protected":false},"featured_media":32449,"template":"","meta":{"inline_featured_image":false},"product_cat":[162,40,203],"product_tag":[],"class_list":{"0":"post-14498","1":"product","2":"type-product","3":"status-publish","4":"has-post-thumbnail","6":"product_cat-wok-azijietiski-makaronai","7":"product_cat-sriubos","8":"product_cat-top","10":"first","11":"instock","12":"taxable","13":"shipping-taxable","14":"purchasable","15":"product-type-simple"},"acf":[],"aioseo_notices":[],"_links":{"self":[{"href":"https:\/\/shakesnack.lt\/vilnius-antakalnio\/wp-json\/wp\/v2\/product\/14498"}],"collection":[{"href":"https:\/\/shakesnack.lt\/vilnius-antakalnio\/wp-json\/wp\/v2\/product"}],"about":[{"href":"https:\/\/shakesnack.lt\/vilnius-antakalnio\/wp-json\/wp\/v2\/types\/product"}],"wp:featuredmedia":[{"embeddable":true,"href":"https:\/\/shakesnack.lt\/vilnius-antakalnio\/wp-json\/wp\/v2\/media\/32449"}],"wp:attachment":[{"href":"https:\/\/shakesnack.lt\/vilnius-antakalnio\/wp-json\/wp\/v2\/media?parent=14498"}],"wp:term":[{"taxonomy":"product_cat","embeddable":true,"href":"https:\/\/shakesnack.lt\/vilnius-antakalnio\/wp-json\/wp\/v2\/product_cat?post=14498"},{"taxonomy":"product_tag","embeddable":true,"href":"https:\/\/shakesnack.lt\/vilnius-antakalnio\/wp-json\/wp\/v2\/product_tag?post=14498"}],"curies":[{"name":"wp","href":"https:\/\/api.w.org\/{rel}","templated":true}]}}