{"id":14448,"date":"2023-04-21T09:34:39","date_gmt":"2023-04-21T06:34:39","guid":{"rendered":"https:\/\/shakesnack.lt\/vilnius-antakalnio\/?post_type=product&#038;p=14448"},"modified":"2026-02-07T18:56:39","modified_gmt":"2026-02-07T16:56:39","slug":"vistienos-wok-su-saldziarugsciu-padazu","status":"publish","type":"product","link":"https:\/\/shakesnack.lt\/vilnius-antakalnio\/p\/vistienos-wok-su-saldziarugsciu-padazu\/","title":{"rendered":"1. WOK SU VI\u0160TIENA, sald\u017eiar\u016bg\u0161\u010diu pada\u017eu ir kvietiniais makaronais"},"content":{"rendered":"","protected":false},"excerpt":{"rendered":"<p>Su kepintomis cukinijomis, morkomis, paprikomis, svog\u016bnais ir \u010desnaku, pievagrybiais, baltaisiais ridikais, terijakiu, soj\u0173 pada\u017eu, sezamu, lai\u0161kinio \u010desnako \u017ealuma.<\/p>\n","protected":false},"featured_media":32450,"template":"","meta":{"inline_featured_image":false},"product_cat":[162,203],"product_tag":[],"class_list":{"0":"post-14448","1":"product","2":"type-product","3":"status-publish","4":"has-post-thumbnail","6":"product_cat-wok-azijietiski-makaronai","7":"product_cat-top","9":"first","10":"instock","11":"taxable","12":"shipping-taxable","13":"purchasable","14":"product-type-simple"},"acf":[],"aioseo_notices":[],"_links":{"self":[{"href":"https:\/\/shakesnack.lt\/vilnius-antakalnio\/wp-json\/wp\/v2\/product\/14448"}],"collection":[{"href":"https:\/\/shakesnack.lt\/vilnius-antakalnio\/wp-json\/wp\/v2\/product"}],"about":[{"href":"https:\/\/shakesnack.lt\/vilnius-antakalnio\/wp-json\/wp\/v2\/types\/product"}],"wp:featuredmedia":[{"embeddable":true,"href":"https:\/\/shakesnack.lt\/vilnius-antakalnio\/wp-json\/wp\/v2\/media\/32450"}],"wp:attachment":[{"href":"https:\/\/shakesnack.lt\/vilnius-antakalnio\/wp-json\/wp\/v2\/media?parent=14448"}],"wp:term":[{"taxonomy":"product_cat","embeddable":true,"href":"https:\/\/shakesnack.lt\/vilnius-antakalnio\/wp-json\/wp\/v2\/product_cat?post=14448"},{"taxonomy":"product_tag","embeddable":true,"href":"https:\/\/shakesnack.lt\/vilnius-antakalnio\/wp-json\/wp\/v2\/product_tag?post=14448"}],"curies":[{"name":"wp","href":"https:\/\/api.w.org\/{rel}","templated":true}]}}