{"id":14434,"date":"2023-04-21T09:34:30","date_gmt":"2023-04-21T06:34:30","guid":{"rendered":"https:\/\/shakesnack.lt\/vilnius-antakalnio\/?post_type=product&#038;p=14434"},"modified":"2026-02-07T15:25:07","modified_gmt":"2026-02-07T13:25:07","slug":"kreveciu-wok-su-grietineles-padazu","status":"publish","type":"product","link":"https:\/\/shakesnack.lt\/vilnius-antakalnio\/p\/kreveciu-wok-su-grietineles-padazu\/","title":{"rendered":"10. WOK SU KREVET\u0116MIS, grietin\u0117l\u0117s pada\u017eu ir kvietiniais makaronais"},"content":{"rendered":"","protected":false},"excerpt":{"rendered":"<p>Su baltaisiais ridikais, porais, \u010desnaku, pievagrybiais, terijakiu, soj\u0173 pada\u017eu, sezamu, lai\u0161kinio \u010desnako \u017ealuma. <\/p>\n","protected":false},"featured_media":32458,"template":"","meta":{"inline_featured_image":false},"product_cat":[162],"product_tag":[],"class_list":{"0":"post-14434","1":"product","2":"type-product","3":"status-publish","4":"has-post-thumbnail","6":"product_cat-wok-azijietiski-makaronai","8":"first","9":"instock","10":"taxable","11":"shipping-taxable","12":"purchasable","13":"product-type-simple"},"acf":[],"aioseo_notices":[],"_links":{"self":[{"href":"https:\/\/shakesnack.lt\/vilnius-antakalnio\/wp-json\/wp\/v2\/product\/14434"}],"collection":[{"href":"https:\/\/shakesnack.lt\/vilnius-antakalnio\/wp-json\/wp\/v2\/product"}],"about":[{"href":"https:\/\/shakesnack.lt\/vilnius-antakalnio\/wp-json\/wp\/v2\/types\/product"}],"wp:featuredmedia":[{"embeddable":true,"href":"https:\/\/shakesnack.lt\/vilnius-antakalnio\/wp-json\/wp\/v2\/media\/32458"}],"wp:attachment":[{"href":"https:\/\/shakesnack.lt\/vilnius-antakalnio\/wp-json\/wp\/v2\/media?parent=14434"}],"wp:term":[{"taxonomy":"product_cat","embeddable":true,"href":"https:\/\/shakesnack.lt\/vilnius-antakalnio\/wp-json\/wp\/v2\/product_cat?post=14434"},{"taxonomy":"product_tag","embeddable":true,"href":"https:\/\/shakesnack.lt\/vilnius-antakalnio\/wp-json\/wp\/v2\/product_tag?post=14434"}],"curies":[{"name":"wp","href":"https:\/\/api.w.org\/{rel}","templated":true}]}}