{"id":14382,"date":"2023-04-21T09:34:01","date_gmt":"2023-04-21T06:34:01","guid":{"rendered":"https:\/\/shakesnack.lt\/vilnius-antakalnio\/?post_type=product&#038;p=14382"},"modified":"2026-02-07T15:18:24","modified_gmt":"2026-02-07T13:18:24","slug":"kiaulienos-wok-su-saldziarugsciu-padazu","status":"publish","type":"product","link":"https:\/\/shakesnack.lt\/vilnius-antakalnio\/p\/kiaulienos-wok-su-saldziarugsciu-padazu\/","title":{"rendered":"7. WOK SU KIAULIENA, sald\u017eiar\u016bg\u0161\u010diu pada\u017eu ir kvietiniais makaronais"},"content":{"rendered":"","protected":false},"excerpt":{"rendered":"<p>Su kepta kiaulienos sprandine, kepintomis cukinijomis, morkomis, paprikomis, svog\u016bnais ir \u010desnaku, pievagrybiais, baltaisiais ridikais, terijakiu, soj\u0173 pada\u017eu, lai\u0161kinio \u010desnako \u017ealuma, sezamu. <\/p>\n","protected":false},"featured_media":32456,"template":"","meta":{"inline_featured_image":false},"product_cat":[162],"product_tag":[],"class_list":{"0":"post-14382","1":"product","2":"type-product","3":"status-publish","4":"has-post-thumbnail","6":"product_cat-wok-azijietiski-makaronai","8":"first","9":"instock","10":"taxable","11":"shipping-taxable","12":"purchasable","13":"product-type-simple"},"acf":[],"aioseo_notices":[],"_links":{"self":[{"href":"https:\/\/shakesnack.lt\/vilnius-antakalnio\/wp-json\/wp\/v2\/product\/14382"}],"collection":[{"href":"https:\/\/shakesnack.lt\/vilnius-antakalnio\/wp-json\/wp\/v2\/product"}],"about":[{"href":"https:\/\/shakesnack.lt\/vilnius-antakalnio\/wp-json\/wp\/v2\/types\/product"}],"wp:featuredmedia":[{"embeddable":true,"href":"https:\/\/shakesnack.lt\/vilnius-antakalnio\/wp-json\/wp\/v2\/media\/32456"}],"wp:attachment":[{"href":"https:\/\/shakesnack.lt\/vilnius-antakalnio\/wp-json\/wp\/v2\/media?parent=14382"}],"wp:term":[{"taxonomy":"product_cat","embeddable":true,"href":"https:\/\/shakesnack.lt\/vilnius-antakalnio\/wp-json\/wp\/v2\/product_cat?post=14382"},{"taxonomy":"product_tag","embeddable":true,"href":"https:\/\/shakesnack.lt\/vilnius-antakalnio\/wp-json\/wp\/v2\/product_tag?post=14382"}],"curies":[{"name":"wp","href":"https:\/\/api.w.org\/{rel}","templated":true}]}}