{"id":14375,"date":"2023-04-21T09:33:59","date_gmt":"2023-04-21T06:33:59","guid":{"rendered":"https:\/\/shakesnack.lt\/vilnius-antakalnio\/?post_type=product&#038;p=14375"},"modified":"2026-04-07T01:00:09","modified_gmt":"2026-04-06T22:00:09","slug":"30-uz-24-kaina-yaki-ebi-tempura-kepti","status":"publish","type":"product","link":"https:\/\/shakesnack.lt\/vilnius-antakalnio\/p\/30-uz-24-kaina-yaki-ebi-tempura-kepti\/","title":{"rendered":"R14. Yaki Ebi Tempura 3 asmenims 30 vnt. (gruzdinti)"},"content":{"rendered":"","protected":false},"excerpt":{"rendered":"<p>30 vnt. Yaki Ebi Tempura su mang\u0173 pada\u017eu (gruzdinti su krevet\u0117mis)<\/p>\n","protected":false},"featured_media":34750,"template":"","meta":{"inline_featured_image":false},"product_cat":[153,178,175,91,215,41,233,203],"product_tag":[],"class_list":{"0":"post-14375","1":"product","2":"type-product","3":"status-publish","4":"has-post-thumbnail","6":"product_cat-sv-kaledu-ir-n-metu-sventems","7":"product_cat-naujienos-ir-spec-pasiulymai","8":"product_cat-kepti-gruzdinti","9":"product_cat-su-krevetemis","10":"product_cat-be-surio-kremo","11":"product_cat-rinkiniai","12":"product_cat-rinkiniai-3-4-asmenims","13":"product_cat-top","15":"first","16":"instock","17":"sale","18":"taxable","19":"shipping-taxable","20":"purchasable","21":"product-type-simple"},"acf":[],"aioseo_notices":[],"_links":{"self":[{"href":"https:\/\/shakesnack.lt\/vilnius-antakalnio\/wp-json\/wp\/v2\/product\/14375"}],"collection":[{"href":"https:\/\/shakesnack.lt\/vilnius-antakalnio\/wp-json\/wp\/v2\/product"}],"about":[{"href":"https:\/\/shakesnack.lt\/vilnius-antakalnio\/wp-json\/wp\/v2\/types\/product"}],"wp:featuredmedia":[{"embeddable":true,"href":"https:\/\/shakesnack.lt\/vilnius-antakalnio\/wp-json\/wp\/v2\/media\/34750"}],"wp:attachment":[{"href":"https:\/\/shakesnack.lt\/vilnius-antakalnio\/wp-json\/wp\/v2\/media?parent=14375"}],"wp:term":[{"taxonomy":"product_cat","embeddable":true,"href":"https:\/\/shakesnack.lt\/vilnius-antakalnio\/wp-json\/wp\/v2\/product_cat?post=14375"},{"taxonomy":"product_tag","embeddable":true,"href":"https:\/\/shakesnack.lt\/vilnius-antakalnio\/wp-json\/wp\/v2\/product_tag?post=14375"}],"curies":[{"name":"wp","href":"https:\/\/api.w.org\/{rel}","templated":true}]}}