{"id":14281,"date":"2023-04-21T09:33:02","date_gmt":"2023-04-21T06:33:02","guid":{"rendered":"https:\/\/shakesnack.lt\/vilnius-antakalnio\/?post_type=product&#038;p=14281"},"modified":"2026-02-07T16:32:47","modified_gmt":"2026-02-07T14:32:47","slug":"traskus-uzkandziu-rinkinys-14-vnt","status":"publish","type":"product","link":"https:\/\/shakesnack.lt\/vilnius-antakalnio\/p\/traskus-uzkandziu-rinkinys-14-vnt\/","title":{"rendered":"Tra\u0161kus u\u017ekand\u017ei\u0173 rinkinys 14 vnt."},"content":{"rendered":"","protected":false},"excerpt":{"rendered":"<p>Gruzdintos krevet\u0117s, kalmar\u0173 \u017eiedai, kold\u016bnai su vi\u0161tiena ir baravykais, suktinukai su dar\u017eov\u0117mis, midijos ir sald\u017eiar\u016bg\u0161tis aitrokas pada\u017eas.<\/p>\n","protected":false},"featured_media":31473,"template":"","meta":{"inline_featured_image":false},"product_cat":[43],"product_tag":[],"class_list":{"0":"post-14281","1":"product","2":"type-product","3":"status-publish","4":"has-post-thumbnail","6":"product_cat-uzkandziai","8":"first","9":"instock","10":"taxable","11":"shipping-taxable","12":"purchasable","13":"product-type-simple"},"acf":[],"aioseo_notices":[],"_links":{"self":[{"href":"https:\/\/shakesnack.lt\/vilnius-antakalnio\/wp-json\/wp\/v2\/product\/14281"}],"collection":[{"href":"https:\/\/shakesnack.lt\/vilnius-antakalnio\/wp-json\/wp\/v2\/product"}],"about":[{"href":"https:\/\/shakesnack.lt\/vilnius-antakalnio\/wp-json\/wp\/v2\/types\/product"}],"wp:featuredmedia":[{"embeddable":true,"href":"https:\/\/shakesnack.lt\/vilnius-antakalnio\/wp-json\/wp\/v2\/media\/31473"}],"wp:attachment":[{"href":"https:\/\/shakesnack.lt\/vilnius-antakalnio\/wp-json\/wp\/v2\/media?parent=14281"}],"wp:term":[{"taxonomy":"product_cat","embeddable":true,"href":"https:\/\/shakesnack.lt\/vilnius-antakalnio\/wp-json\/wp\/v2\/product_cat?post=14281"},{"taxonomy":"product_tag","embeddable":true,"href":"https:\/\/shakesnack.lt\/vilnius-antakalnio\/wp-json\/wp\/v2\/product_tag?post=14281"}],"curies":[{"name":"wp","href":"https:\/\/api.w.org\/{rel}","templated":true}]}}