{"id":14272,"date":"2023-04-21T09:32:58","date_gmt":"2023-04-21T06:32:58","guid":{"rendered":"https:\/\/shakesnack.lt\/vilnius-antakalnio\/?post_type=product&#038;p=14272"},"modified":"2026-02-07T16:25:00","modified_gmt":"2026-02-07T14:25:00","slug":"poke-bowl-su-lasisa","status":"publish","type":"product","link":"https:\/\/shakesnack.lt\/vilnius-antakalnio\/p\/poke-bowl-su-lasisa\/","title":{"rendered":"Poke Bowl su la\u0161i\u0161a"},"content":{"rendered":"","protected":false},"excerpt":{"rendered":"<p>La\u0161i\u0161a, avokadas, Edamame pupel\u0117s, Wakame salotos, su kokos\u0173 pienu marinuotos morkos, m\u0117lynieji kop\u016bstai, austri\u0173 pada\u017eas, sezamas, migdol\u0173 riekel\u0117s, sojos pada\u017eas.<br \/>\nPOKE skaniname \u010desnako \u017ealuma. Jeigu nem\u0117gstate, informuokite.<\/p>\n","protected":false},"featured_media":32248,"template":"","meta":{"inline_featured_image":false},"product_cat":[39,203],"product_tag":[],"class_list":{"0":"post-14272","1":"product","2":"type-product","3":"status-publish","4":"has-post-thumbnail","6":"product_cat-pokes-dubenys-ir-salotos","7":"product_cat-top","9":"first","10":"instock","11":"taxable","12":"shipping-taxable","13":"purchasable","14":"product-type-simple"},"acf":[],"aioseo_notices":[],"_links":{"self":[{"href":"https:\/\/shakesnack.lt\/vilnius-antakalnio\/wp-json\/wp\/v2\/product\/14272"}],"collection":[{"href":"https:\/\/shakesnack.lt\/vilnius-antakalnio\/wp-json\/wp\/v2\/product"}],"about":[{"href":"https:\/\/shakesnack.lt\/vilnius-antakalnio\/wp-json\/wp\/v2\/types\/product"}],"wp:featuredmedia":[{"embeddable":true,"href":"https:\/\/shakesnack.lt\/vilnius-antakalnio\/wp-json\/wp\/v2\/media\/32248"}],"wp:attachment":[{"href":"https:\/\/shakesnack.lt\/vilnius-antakalnio\/wp-json\/wp\/v2\/media?parent=14272"}],"wp:term":[{"taxonomy":"product_cat","embeddable":true,"href":"https:\/\/shakesnack.lt\/vilnius-antakalnio\/wp-json\/wp\/v2\/product_cat?post=14272"},{"taxonomy":"product_tag","embeddable":true,"href":"https:\/\/shakesnack.lt\/vilnius-antakalnio\/wp-json\/wp\/v2\/product_tag?post=14272"}],"curies":[{"name":"wp","href":"https:\/\/api.w.org\/{rel}","templated":true}]}}