{"id":3,"date":"2020-11-11T07:47:03","date_gmt":"2020-11-11T07:47:03","guid":{"rendered":"https:\/\/shakesnack.lt\/vilnius-antakalnio\/?page_id=3"},"modified":"2023-06-15T09:48:18","modified_gmt":"2023-06-15T06:48:18","slug":"privatumo-politika","status":"publish","type":"page","link":"https:\/\/shakesnack.lt\/vilnius-antakalnio\/privatumo-politika\/","title":{"rendered":"Privatumo politika"},"content":{"rendered":"<p>Parlis MB privatumo politika.<br \/>\nAtnaujinta: 2023-06-15<\/p>\n<p>\u0160ioje privatumo politikoje apra\u0161oma, kaip ShakeSnack (&#8220;Svetain\u0117&#8221;, &#8220;mes&#8221;, &#8220;mes&#8221; arba &#8220;m\u016bs\u0173&#8221;) renka, naudoja ir atskleid\u017eia j\u016bs\u0173 asmenin\u0119 informacij\u0105, kai lankot\u0117s, naudojat\u0117s m\u016bs\u0173 paslaugomis arba perkate i\u0161 Shakesnack.lt (\u201eSvetain\u0117\u201c) arba kitaip susisiekti su mumis (bendrai \u2013 \u201ePaslaugos\u201c). \u0160ioje privatumo politikoje \u201ej\u016bs\u201c ir \u201ej\u016bs\u0173\u201c rei\u0161kia jus kaip Paslaug\u0173 vartotoj\u0105, nesvarbu, ar esate klientas, svetain\u0117s lankytojas ar kitas asmuo, kurio informacij\u0105 rinkome vadovaudamiesi \u0161ia privatumo politika.<\/p>\n<p>Pra\u0161ome atid\u017eiai perskaityti \u0161i\u0105 Privatumo politik\u0105. Naudodamiesi bet kuria i\u0161 Paslaug\u0173 ir jas naudodami sutinkate su j\u016bs\u0173 informacijos rinkimu, naudojimu ir atskleidimu, kaip apra\u0161yta \u0161ioje privatumo politikoje. Jei nesutinkate su \u0161ia privatumo politika, nesinaudokite ir nesinaudokite jokiomis Paslaugomis.<\/p>\n<p>Mes saugome lankytoj\u0173 privatum\u0105 internetin\u0117je erdv\u0117je. Individualiai identifikuojama informacija apie lankytoj\u0105 nebus perduodama jokiai tre\u010diajai \u0161aliai, prie\u0161 tai negavus lankytojo sutikimo arba to nepareikalavus atitinkamoms\u00a0 teisin\u0117ms ar valstybin\u0117ms institucijoms.<\/p>\n<p><strong>Privatumo politikos pakeitimai<\/strong><\/p>\n<p>Mes galime atnaujinti \u0161i\u0105 privatumo politik\u0105, \u012fskaitant siekdami atspind\u0117ti m\u016bs\u0173 praktikos poky\u010dius arba d\u0117l kit\u0173 teisini\u0173 ar reguliavimo prie\u017eas\u010di\u0173. Svetain\u0117je paskelbsime pataisyt\u0105 Privatumo politik\u0105, atnaujinsime dat\u0105 \u201ePaskutin\u012f kart\u0105 atnaujinta\u201c ir imsim\u0117s kit\u0173 veiksm\u0173, kurie reikalaujami pagal galiojan\u010dius \u012fstatymus.<\/p>\n<p><strong>Teikiama paslauga<\/strong><br style=\"box-sizing: border-box;\" \/>Paslauga fiksuoja vartotoj\u0173 lankan\u010di\u0173 tinklalap\u012f nar\u0161ykl\u0117s sausain\u0117lius (angl. cookies). Taip vartotojams suteikiama efektyvi informacija atsi\u017evelgiant \u012f j\u0173 poreikius ir ie\u0161komos informacijos pob\u016bd\u012f. Informacija vartotojams teikiama reklamini\u0173 skydeli\u0173 pagalba Google vaizdin\u0117s reklamos tinkle. Paslaugos galima atsisakyti i\u0161valant nar\u0161ykl\u0117s sausain\u0117lius i\u0161 atminties. Taip pat galima nustatyti rodomos reklamos pob\u016bd\u012f \u0161iame puslapyje\u00a0<a style=\"text-decoration-line: underline; outline: 0px; max-width: 100%;\" href=\"https:\/\/www.google.com\/settings\/ads\" target=\"_blank\" rel=\"noopener noreferrer\">\u201eGoogle Ads Settings\u201c<\/a>.<\/p>\n<p><strong>Renkami asmeniniai duomenys<\/strong><br style=\"box-sizing: border-box;\" \/>Mes nerenkame informacijos apie vartotojus (tokios kaip vardas, el. pa\u0161to adresas, IP adresas, \u012fmon\u0117s pavadinimas), i\u0161skyrus tuos atvejus, kai s\u0105moningai\u00a0 ir \u017einodamas vartotojas \u0161iuos duomenis, pateikia pats. \u0160i informacija yra naudojama teikti geresnes informavimo paslaugas vartotojams, informacijos neperduodant tretiesiems asmenims ir instancijoms. Vartotoj\u0173 asmeniniai duomenys bus naudojami tik su shakesnack.lt ir j\u0173 partneriais susijusiais produktais bei procesais informacijai teikti ir pasiekti\u00a0 lankytojus. Vartotojas naudodamasis shakesnack sistema sutinka gauti informacines \u017einutes apie u\u017esakymus ir kit\u0105 svarbi\u0105 informacij\u0105.<\/p>\n<p><strong>Asmenini\u0173 duomen\u0173 panaudojimas<\/strong><br style=\"box-sizing: border-box;\" \/>Vartotoj\u0173 asmeniniai duomenys bus naudojami tik su Paslauga susijusiais produktais ir procesais. Lankytoj\u0173 duomenys yra u\u017efiksuojami ir atskleid\u017eiami tik su pa\u017eeidimu susijusiais atvejais ir tik atitinkamiems valstyb\u0117s pareig\u016bnams arba institucijoms. Kompanija nesidalins informacija apie vartotojus su reklamos u\u017esakovais. Kita informacija apie vartotoj\u0105 yra pateikiama tik jam pa\u010diam su tuo sutikus arba to pareikalavus atitinkamoms valstyb\u0117s institucijoms, su teismo nuosprend\u017eiu arba prokuroro suteiktu kratos orderiu. Kiti prane\u0161imai ir pasi\u016blymai gali b\u016bti pateikiami vartotojui su tuo sutikus ir nevir\u0161ijant jo privatumo, kaip tai nuodyta Lietuvos Respublikos \u012fstatyme.<\/p>\n<p><strong>J\u016bs\u0173 teis\u0117s ir pasirinkimai<\/strong><\/p>\n<p>Priklausomai nuo to, kur gyvenate, galite tur\u0117ti kai kurias arba visas toliau i\u0161vardytas teises, susijusias su j\u016bs\u0173 asmenine informacija. Ta\u010diau \u0161ios teis\u0117s n\u0117ra absoliu\u010dios, gali b\u016bti taikomos tik tam tikromis aplinkyb\u0117mis ir tam tikrais atvejais galime atmesti j\u016bs\u0173 pra\u0161ym\u0105, kaip leid\u017eia \u012fstatymai.<\/p>\n<p>&#8211; Teis\u0117 susipa\u017einti \/ \u017einoti. Galite tur\u0117ti teis\u0119 pra\u0161yti prieigos prie asmenin\u0117s informacijos, kuri\u0105 turime apie jus, \u012fskaitant informacij\u0105, susijusi\u0105 su j\u016bs\u0173 informacijos naudojimo ir bendrinimo b\u016bdais.<br \/>\n&#8211; Teis\u0117 i\u0161trinti. J\u016bs galite tur\u0117ti teis\u0119 pra\u0161yti, kad i\u0161trintume j\u016bs\u0173 turim\u0105 asmenin\u0119 informacij\u0105.<br \/>\n&#8211; Teis\u0117 i\u0161taisyti. J\u016bs galite tur\u0117ti teis\u0119 reikalauti, kad i\u0161taisytume netiksli\u0105 asmenin\u0119 informacij\u0105, kuri\u0105 mes saugome apie jus.<br \/>\n&#8211; Perkeliamumo teis\u0117. Tam tikromis aplinkyb\u0117mis ir su tam tikromis i\u0161imtimis galite tur\u0117ti teis\u0119 gauti m\u016bs\u0173 turimos asmenin\u0117s informacijos apie jus kopij\u0105 ir reikalauti, kad j\u0105 perduotume tre\u010diajai \u0161aliai.<\/p>\n<p><strong>Asmenini\u0173 duomen\u0173 pa\u0161alinimas<br \/>\n<\/strong><\/p>\n<p>Jei norite, kad j\u016bs\u0173 asmeniniai duomenys b\u016bt\u0173 pa\u0161alinti i\u0161 m\u016bs\u0173 sistem\u0173, susisiekite su mumis el. pa\u0161tu info@shakesnack.lt.<\/p>\n<p><strong>Skundai<\/strong><\/p>\n<p>Jei turite nusiskundim\u0173 d\u0117l to, kaip apdorojame j\u016bs\u0173 asmenin\u0119 informacij\u0105, susisiekite su mumis \u017eemiau nurodytais kontaktiniais duomenimis. Jei nesate patenkinti m\u016bs\u0173 atsakymu \u012f j\u016bs\u0173 skund\u0105, priklausomai nuo to, kur gyvenate, galite tur\u0117ti teis\u0119 apsk\u0173sti m\u016bs\u0173 sprendim\u0105 susisiek\u0119 su mumis toliau nurodytais kontaktiniais duomenimis arba pateikti skund\u0105 vietinei duomen\u0173 apsaugos institucijai.<\/p>\n<p><strong>Elektronini\u0173 \u0161iuk\u0161li\u0173 politika<\/strong><br style=\"box-sizing: border-box;\" \/>Mes garantuojame savo klientams, kurie naudojasi \u00a0paslauga, kad j\u0173 elektroninio pa\u0161to adresai nebus naudojami el. pa\u0161to \u0161i\u016bk\u0161li\u0173 (SPAM\u2019o) siuntimui. Be to pateik\u0117 savo duomenis vartotojai i\u0161 shakesnack.lt negaus lai\u0161k\u0173:<\/p>\n<ul class=\"styled-list\">\n<li style=\"box-sizing: border-box; margin: 0px 0px 0px 1em; vertical-align: baseline;\">su negaliojan\u010diomis arba suklastotomis elektronini\u0173 lai\u0161k\u0173 antra\u0161t\u0117mis;<\/li>\n<li style=\"box-sizing: border-box; margin: 0px 0px 0px 1em; vertical-align: baseline;\">su negaliojan\u010diais arba nesan\u010diais simbolini\u0173 adres\u0173 srities (domen\u0173) pavadinimais;<\/li>\n<li style=\"box-sizing: border-box; margin: 0px 0px 0px 1em; vertical-align: baseline;\">kitais klaidinan\u010dio adresavimo b\u016bdais;<\/li>\n<li style=\"box-sizing: border-box; margin: 0px 0px 0px 1em; vertical-align: baseline;\">talpinan\u010di\u0173 klaidinan\u010di\u0105 arba melaging\u0105 informacij\u0105 Temos eilut\u0117je;<\/li>\n<li style=\"box-sizing: border-box; margin: 0px 0px 0px 1em; vertical-align: baseline;\">teikian\u010di\u0173 klaidinant\u012f arba melaging\u0105 turin\u012f elektroniniame lai\u0161ke;<\/li>\n<li style=\"box-sizing: border-box; margin: 0px 0px 0px 1em; vertical-align: baseline;\">pa\u017eeid\u017eian\u010di\u0173 paslaugos s\u0105lygas ir taisykles.<\/li>\n<\/ul>\n<p>&nbsp;<\/p>\n<p><strong>Slapuk\u0173 politika<\/strong> <strong>Kas yra slapukai<br style=\"box-sizing: border-box;\" \/><\/strong>Tai \u012fprasta praktika beveik visose profesionaliosiose svetain\u0117se. \u0160i svetain\u0117 taip pat naudoja slapukus \u2013 tai yra nedideli failai, kurie atsisiun\u010diami \u012f j\u016bs\u0173 kompiuter\u012f, kad pagerint\u0173 j\u016bs\u0173 patirt\u012f m\u016bs\u0173 svetain\u0117je. \u0160iame puslapyje apra\u0161oma, koki\u0105 informacij\u0105 jie renka ir kaip mes j\u0105 naudojame bei kod\u0117l kartais tenka saugoti \u0161iuos slapukus. Mes taip pat nurodysime, kaip galite u\u017ekirsti keli\u0105 \u0161iems slapukams saugoti informacij\u0105 apie jus, ta\u010diau tai gali pakenkti arba \u201esugriauti\u201c tam tikrus svetain\u0117s funkcij\u0173 elementus. Nor\u0117dami gauti daugiau informacijos apie slapukus, \u017er.<a style=\"decoration-line: underline; outline: 0px; max-width: 100%;\" href=\"https:\/\/lt.wikipedia.org\/wiki\/Slapukas\" target=\"_blank\" rel=\"noopener noreferrer\">\u00a0\u201eWikipedia\u201c straipsn\u012f apie HTTP slapukus<\/a>.<\/p>\n<p><strong>Kaip mes naudojame slapukus<br style=\"box-sizing: border-box;\" \/><\/strong>Mes naudojame slapukus d\u0117l \u012fvairi\u0173 prie\u017eas\u010di\u0173. Deja, daugeliu atvej\u0173 n\u0117ra joki\u0173 standartini\u0173 variant\u0173 slapuk\u0173 i\u0161jungimui be visi\u0161ko su jais susijusi\u0173 funkcij\u0173 i\u0161jungimo. Rekomenduojame palikti visus slapukus, jei nesate tikri, ar jie jums reikalingi, ar ne.<\/p>\n<p style=\"margin-bottom: 0;\"><strong>M\u016bs\u0173 naudojami slapukai:<\/strong><\/p>\n<div class=\"table-wrap\">\n<table class=\"wborder\" width=\"100%\" cellspacing=\"1\" cellpadding=\"1\">\n<tbody>\n<tr>\n<td>Slapuko pavadinimas<\/td>\n<td>Slapuko tikslas<\/td>\n<td>Slapuko naudojimo terminas<\/td>\n<td>Naudojami duomenys<\/td>\n<\/tr>\n<tr>\n<td>_ga<\/td>\n<td>Interneto svetain\u0117s lankomumo duomen\u0173 steb\u0117sena<\/td>\n<td>2 metai<\/td>\n<td>Anoniminiai statistiniai duomenys<\/td>\n<\/tr>\n<tr>\n<td>_gid<\/td>\n<td>Interneto svetain\u0117s lankomumo duomen\u0173 steb\u0117sena<\/td>\n<td>1 diena<\/td>\n<td>Anoniminiai statistiniai duomenys<\/td>\n<\/tr>\n<\/tbody>\n<\/table>\n<\/div>\n<style>table{border-collapse:collapse;}table, th, td{border:1px #eee solid;}th, td{padding: 5px 10px;}<\/style>\n<p>&nbsp;<\/p>\n<p><strong>I\u0161jungti slapukus<br style=\"box-sizing: border-box;\" \/><\/strong>Galite u\u017edrausti slapuk\u0173 nustatym\u0105 koreguodami nar\u0161ykl\u0117s nustatymus (\u017er. Nar\u0161ykl\u0117s \u017einyn\u0105, kaip tai padaryti). Atminkite, kad slapuk\u0173 i\u0161jungimas paveiks \u0161ios ir daugelio kit\u0173 lankom\u0173 svetaini\u0173 funkcionalum\u0105. I\u0161jungus slapukus paprastai taip pat bus i\u0161jungtos tam tikros \u0161ios svetain\u0117s funkcijos. Tod\u0117l rekomenduojame nei\u0161jungti slapuk\u0173.<\/p>\n<p><strong>Slapukai, kuriuos mes suk\u016br\u0117me<br style=\"box-sizing: border-box;\" \/><\/strong>Kad gal\u0117tume suteikti jums puiki\u0105 patirt\u012f \u0161ioje svetain\u0117je, mes i\u0161saugome j\u016bs\u0173 pageidavimus, kaip \u0161i svetain\u0117 atrodo ir k\u0105 daro, kai j\u0105 naudojate. Norint prisiminti j\u016bs\u0173 nuostatas, mes turime nustatyti slapukus, kad \u0161i\u0105 informacij\u0105 b\u016bt\u0173 galima pasiekti, kai nar\u0161ote \u0161iame puslapyje.<\/p>\n<p><strong>Tre\u010diosios \u0161alies slapukai<br style=\"box-sizing: border-box;\" \/><\/strong>Kai kuriais ypatingais atvejais mes taip pat naudojame slapukus, kuriuos teikia patikimos tre\u010diosios \u0161alys. \u0160iame skyriuje pateikiama informacija apie tre\u010di\u0173j\u0173 \u0161ali\u0173 slapukus, su kuriais galite susidurti naudojant \u0161i\u0105 svetain\u0119. \u0160i svetain\u0117 naudoja \u201e<a style=\"text-decoration-line: underline; outline: 0px; max-width: 100%;\" href=\"https:\/\/www.google.com\/analytics\/terms\/us.html\" target=\"_blank\" rel=\"noopener noreferrer\">Google Analytics<\/a>\u201c, kuri yra viena i\u0161 labiausiai paplitusi\u0173 ir patikim\u0173 analitini\u0173 priemoni\u0173 internete, padedanti mums suprasti, kaip naudojat\u0117s svetaine ir kokiais b\u016bdais gal\u0117tume patobulinti j\u016bs\u0173 patirt\u012f. \u0160ie slapukai gali steb\u0117ti tokius dalykus kaip laikas, kur\u012f praleidote svetain\u0117je ir lankomus puslapius, kad gal\u0117tume ir toliau kurti \u012fdom\u0173 turin\u012f. Nor\u0117dami gauti daugiau informacijos apie \u201eGoogle Analytics\u201c slapukus, \u017er. Oficial\u0173 \u201e<a style=\"text-decoration-line: underline; outline: 0px; max-width: 100%;\" href=\"https:\/\/www.google.com\/analytics\/terms\/us.html\" target=\"_blank\" rel=\"noopener noreferrer\">Google Analytics<\/a>\u201c puslap\u012f. Jei yra ka\u017ekoks slapukas, d\u0117l kurio nesate tikri ar jums reikia ar ne, da\u017eniausiai saugiau palikti j\u012f \u012fjungt\u0105, kadangi jie s\u0105veikauja su funkcijomis, kurias naudojate m\u016bs\u0173 svetain\u0117je. Jei vis dar ie\u0161kote daugiau informacijos, galite susisiekti su mumis vienu i\u0161 m\u016bs\u0173 pageidaujam\u0173 kontakt\u0173 metod\u0173: El. Pa\u0161tas: info@shakesnack.lt<\/p>\n","protected":false},"excerpt":{"rendered":"<p>Parlis MB privatumo politika. Atnaujinta: 2023-06-15 \u0160ioje privatumo politikoje apra\u0161oma, kaip ShakeSnack (&#8220;Svetain\u0117&#8221;, &#8220;mes&#8221;, &#8220;mes&#8221; arba &#8220;m\u016bs\u0173&#8221;) renka, naudoja ir atskleid\u017eia j\u016bs\u0173 asmenin\u0119 informacij\u0105, kai lankot\u0117s, naudojat\u0117s m\u016bs\u0173 paslaugomis arba perkate i\u0161 Shakesnack.lt (\u201eSvetain\u0117\u201c) arba kitaip susisiekti su mumis (bendrai \u2013 \u201ePaslaugos\u201c). \u0160ioje privatumo politikoje \u201ej\u016bs\u201c ir \u201ej\u016bs\u0173\u201c rei\u0161kia jus kaip Paslaug\u0173 vartotoj\u0105, nesvarbu, ar &hellip;<\/p>\n","protected":false},"author":1,"featured_media":0,"parent":0,"menu_order":0,"comment_status":"closed","ping_status":"closed","template":"template-info.php","meta":{"inline_featured_image":false,"footnotes":""},"class_list":["post-3","page","type-page","status-publish","hentry"],"acf":[],"aioseo_notices":[],"_links":{"self":[{"href":"https:\/\/shakesnack.lt\/vilnius-antakalnio\/wp-json\/wp\/v2\/pages\/3"}],"collection":[{"href":"https:\/\/shakesnack.lt\/vilnius-antakalnio\/wp-json\/wp\/v2\/pages"}],"about":[{"href":"https:\/\/shakesnack.lt\/vilnius-antakalnio\/wp-json\/wp\/v2\/types\/page"}],"author":[{"embeddable":true,"href":"https:\/\/shakesnack.lt\/vilnius-antakalnio\/wp-json\/wp\/v2\/users\/1"}],"replies":[{"embeddable":true,"href":"https:\/\/shakesnack.lt\/vilnius-antakalnio\/wp-json\/wp\/v2\/comments?post=3"}],"version-history":[{"count":18,"href":"https:\/\/shakesnack.lt\/vilnius-antakalnio\/wp-json\/wp\/v2\/pages\/3\/revisions"}],"predecessor-version":[{"id":16298,"href":"https:\/\/shakesnack.lt\/vilnius-antakalnio\/wp-json\/wp\/v2\/pages\/3\/revisions\/16298"}],"wp:attachment":[{"href":"https:\/\/shakesnack.lt\/vilnius-antakalnio\/wp-json\/wp\/v2\/media?parent=3"}],"curies":[{"name":"wp","href":"https:\/\/api.w.org\/{rel}","templated":true}]}}