{"id":38367,"date":"2025-04-18T17:40:08","date_gmt":"2025-04-18T14:40:08","guid":{"rendered":"https:\/\/shakesnack.lt\/utena-basanaviciaus\/?post_type=product&#038;p=38367"},"modified":"2025-05-09T13:45:02","modified_gmt":"2025-05-09T10:45:02","slug":"n4-vistiena-kung-pao-su-ryziais","status":"publish","type":"product","link":"https:\/\/shakesnack.lt\/utena-basanaviciaus\/p\/n4-vistiena-kung-pao-su-ryziais\/","title":{"rendered":"N4. VI\u0160TIENA KUNG PAO su ry\u017eiais"},"content":{"rendered":"","protected":false},"excerpt":{"rendered":"<p>Marinuota vi\u0161tienos \u0161launeli\u0173 m\u0117sa, raudonieji svog\u016bnai, paprikos, salier\u0173 stiebai, \u010desnakai, aitrieji pipiriukai, KUNG PAO pada\u017eas, anakard\u017ei\u0173 rie\u0161utai, svog\u016bn\u0173 \u017ealuma.<\/p>\n","protected":false},"featured_media":38361,"template":"","meta":{"inline_featured_image":false},"product_cat":[178,162],"product_tag":[],"class_list":{"0":"post-38367","1":"product","2":"type-product","3":"status-publish","4":"has-post-thumbnail","6":"product_cat-naujienos-ir-spec-pasiulymai","7":"product_cat-wok-azijietiski-makaronai","9":"first","10":"instock","11":"sale","12":"taxable","13":"shipping-taxable","14":"purchasable","15":"product-type-simple"},"acf":[],"aioseo_notices":[],"_links":{"self":[{"href":"https:\/\/shakesnack.lt\/utena-basanaviciaus\/wp-json\/wp\/v2\/product\/38367"}],"collection":[{"href":"https:\/\/shakesnack.lt\/utena-basanaviciaus\/wp-json\/wp\/v2\/product"}],"about":[{"href":"https:\/\/shakesnack.lt\/utena-basanaviciaus\/wp-json\/wp\/v2\/types\/product"}],"wp:featuredmedia":[{"embeddable":true,"href":"https:\/\/shakesnack.lt\/utena-basanaviciaus\/wp-json\/wp\/v2\/media\/38361"}],"wp:attachment":[{"href":"https:\/\/shakesnack.lt\/utena-basanaviciaus\/wp-json\/wp\/v2\/media?parent=38367"}],"wp:term":[{"taxonomy":"product_cat","embeddable":true,"href":"https:\/\/shakesnack.lt\/utena-basanaviciaus\/wp-json\/wp\/v2\/product_cat?post=38367"},{"taxonomy":"product_tag","embeddable":true,"href":"https:\/\/shakesnack.lt\/utena-basanaviciaus\/wp-json\/wp\/v2\/product_tag?post=38367"}],"curies":[{"name":"wp","href":"https:\/\/api.w.org\/{rel}","templated":true}]}}