{"id":38365,"date":"2025-04-18T17:34:43","date_gmt":"2025-04-18T14:34:43","guid":{"rendered":"https:\/\/shakesnack.lt\/utena-basanaviciaus\/?post_type=product&#038;p=38365"},"modified":"2025-05-09T13:41:20","modified_gmt":"2025-05-09T10:41:20","slug":"n2-vistiena-guo-bao-su-ryziais","status":"publish","type":"product","link":"https:\/\/shakesnack.lt\/utena-basanaviciaus\/p\/n2-vistiena-guo-bao-su-ryziais\/","title":{"rendered":"N2. VI\u0160TIENA GUO BAO su ry\u017eiais"},"content":{"rendered":"","protected":false},"excerpt":{"rendered":"<p>Su kepta vi\u0161\u010diuk\u0173 \u0161launeli\u0173 m\u0117sa, paprikomis, raudonaisiais svog\u016bnais, ananasais, kalendros ir svog\u016bn\u0173 \u017ealuma.<\/p>\n","protected":false},"featured_media":38359,"template":"","meta":{"inline_featured_image":false},"product_cat":[178,162],"product_tag":[],"class_list":{"0":"post-38365","1":"product","2":"type-product","3":"status-publish","4":"has-post-thumbnail","6":"product_cat-naujienos-ir-spec-pasiulymai","7":"product_cat-wok-azijietiski-makaronai","9":"first","10":"instock","11":"sale","12":"taxable","13":"shipping-taxable","14":"purchasable","15":"product-type-simple"},"acf":[],"aioseo_notices":[],"_links":{"self":[{"href":"https:\/\/shakesnack.lt\/utena-basanaviciaus\/wp-json\/wp\/v2\/product\/38365"}],"collection":[{"href":"https:\/\/shakesnack.lt\/utena-basanaviciaus\/wp-json\/wp\/v2\/product"}],"about":[{"href":"https:\/\/shakesnack.lt\/utena-basanaviciaus\/wp-json\/wp\/v2\/types\/product"}],"wp:featuredmedia":[{"embeddable":true,"href":"https:\/\/shakesnack.lt\/utena-basanaviciaus\/wp-json\/wp\/v2\/media\/38359"}],"wp:attachment":[{"href":"https:\/\/shakesnack.lt\/utena-basanaviciaus\/wp-json\/wp\/v2\/media?parent=38365"}],"wp:term":[{"taxonomy":"product_cat","embeddable":true,"href":"https:\/\/shakesnack.lt\/utena-basanaviciaus\/wp-json\/wp\/v2\/product_cat?post=38365"},{"taxonomy":"product_tag","embeddable":true,"href":"https:\/\/shakesnack.lt\/utena-basanaviciaus\/wp-json\/wp\/v2\/product_tag?post=38365"}],"curies":[{"name":"wp","href":"https:\/\/api.w.org\/{rel}","templated":true}]}}