{"id":38364,"date":"2025-04-18T17:33:04","date_gmt":"2025-04-18T14:33:04","guid":{"rendered":"https:\/\/shakesnack.lt\/utena-basanaviciaus\/?post_type=product&#038;p=38364"},"modified":"2025-05-09T13:38:48","modified_gmt":"2025-05-09T10:38:48","slug":"n1-kiauliena-guo-bao-su-ryziais","status":"publish","type":"product","link":"https:\/\/shakesnack.lt\/utena-basanaviciaus\/p\/n1-kiauliena-guo-bao-su-ryziais\/","title":{"rendered":"N1. KIAULIENA GUO BAO su ry\u017eiais"},"content":{"rendered":"","protected":false},"excerpt":{"rendered":"<p>Su marinuota kiaulienos i\u0161pjova, ananasais, obuoliais, apelsin\u0173 sultimis, kardamonu, austri\u0173 pada\u017eu, sezamais, svog\u016bn\u0173 \u017ealuma.<\/p>\n","protected":false},"featured_media":38358,"template":"","meta":{"inline_featured_image":false},"product_cat":[178,162],"product_tag":[],"class_list":{"0":"post-38364","1":"product","2":"type-product","3":"status-publish","4":"has-post-thumbnail","6":"product_cat-naujienos-ir-spec-pasiulymai","7":"product_cat-wok-azijietiski-makaronai","9":"first","10":"instock","11":"sale","12":"taxable","13":"shipping-taxable","14":"purchasable","15":"product-type-simple"},"acf":[],"aioseo_notices":[],"_links":{"self":[{"href":"https:\/\/shakesnack.lt\/utena-basanaviciaus\/wp-json\/wp\/v2\/product\/38364"}],"collection":[{"href":"https:\/\/shakesnack.lt\/utena-basanaviciaus\/wp-json\/wp\/v2\/product"}],"about":[{"href":"https:\/\/shakesnack.lt\/utena-basanaviciaus\/wp-json\/wp\/v2\/types\/product"}],"wp:featuredmedia":[{"embeddable":true,"href":"https:\/\/shakesnack.lt\/utena-basanaviciaus\/wp-json\/wp\/v2\/media\/38358"}],"wp:attachment":[{"href":"https:\/\/shakesnack.lt\/utena-basanaviciaus\/wp-json\/wp\/v2\/media?parent=38364"}],"wp:term":[{"taxonomy":"product_cat","embeddable":true,"href":"https:\/\/shakesnack.lt\/utena-basanaviciaus\/wp-json\/wp\/v2\/product_cat?post=38364"},{"taxonomy":"product_tag","embeddable":true,"href":"https:\/\/shakesnack.lt\/utena-basanaviciaus\/wp-json\/wp\/v2\/product_tag?post=38364"}],"curies":[{"name":"wp","href":"https:\/\/api.w.org\/{rel}","templated":true}]}}