{"id":32278,"date":"2024-08-19T14:14:37","date_gmt":"2024-08-19T11:14:37","guid":{"rendered":"https:\/\/shakesnack.lt\/utena-basanaviciaus\/?post_type=product&#038;p=32278"},"modified":"2025-03-11T18:21:05","modified_gmt":"2025-03-11T16:21:05","slug":"saldus-amai-8-vnt","status":"publish","type":"product","link":"https:\/\/shakesnack.lt\/utena-basanaviciaus\/p\/saldus-amai-8-vnt\/","title":{"rendered":"Saldus AMAI 8 vnt."},"content":{"rendered":"","protected":false},"excerpt":{"rendered":"<p>Su vaisiais, kokos\u0173 rie\u0161ut\u0173 dro\u017el\u0117mis.<\/p>\n","protected":false},"featured_media":36887,"template":"","meta":{"inline_featured_image":false},"product_cat":[178,38,44],"product_tag":[],"class_list":{"0":"post-32278","1":"product","2":"type-product","3":"status-publish","4":"has-post-thumbnail","6":"product_cat-naujienos-ir-spec-pasiulymai","7":"product_cat-susiai","8":"product_cat-desertai","10":"first","11":"outofstock","12":"taxable","13":"shipping-taxable","14":"purchasable","15":"product-type-simple"},"acf":[],"aioseo_notices":[],"_links":{"self":[{"href":"https:\/\/shakesnack.lt\/utena-basanaviciaus\/wp-json\/wp\/v2\/product\/32278"}],"collection":[{"href":"https:\/\/shakesnack.lt\/utena-basanaviciaus\/wp-json\/wp\/v2\/product"}],"about":[{"href":"https:\/\/shakesnack.lt\/utena-basanaviciaus\/wp-json\/wp\/v2\/types\/product"}],"wp:featuredmedia":[{"embeddable":true,"href":"https:\/\/shakesnack.lt\/utena-basanaviciaus\/wp-json\/wp\/v2\/media\/36887"}],"wp:attachment":[{"href":"https:\/\/shakesnack.lt\/utena-basanaviciaus\/wp-json\/wp\/v2\/media?parent=32278"}],"wp:term":[{"taxonomy":"product_cat","embeddable":true,"href":"https:\/\/shakesnack.lt\/utena-basanaviciaus\/wp-json\/wp\/v2\/product_cat?post=32278"},{"taxonomy":"product_tag","embeddable":true,"href":"https:\/\/shakesnack.lt\/utena-basanaviciaus\/wp-json\/wp\/v2\/product_tag?post=32278"}],"curies":[{"name":"wp","href":"https:\/\/api.w.org\/{rel}","templated":true}]}}