{"id":14423,"date":"2023-04-21T09:34:26","date_gmt":"2023-04-21T06:34:26","guid":{"rendered":"https:\/\/shakesnack.lt\/utena-basanaviciaus\/?post_type=product&#038;p=14423"},"modified":"2025-03-03T12:35:54","modified_gmt":"2025-03-03T10:35:54","slug":"kreveciu-wok-su-saldziarugsciu-padazu","status":"publish","type":"product","link":"https:\/\/shakesnack.lt\/utena-basanaviciaus\/p\/kreveciu-wok-su-saldziarugsciu-padazu\/","title":{"rendered":"8. WOK SU KREVET\u0116MIS ir sald\u017eiar\u016bg\u0161\u010diu pada\u017eu"},"content":{"rendered":"","protected":false},"excerpt":{"rendered":"<p>Su baltaisiais ridikais, porais, \u010desnaku, pievagrybiais, terijakiu, soj\u0173 pada\u017eu, sezamu. <\/p>\n<p><strong>Pasirinkite makaronus.<\/strong><\/p>\n","protected":false},"featured_media":36831,"template":"","meta":{"inline_featured_image":false},"product_cat":[162],"product_tag":[],"class_list":{"0":"post-14423","1":"product","2":"type-product","3":"status-publish","4":"has-post-thumbnail","6":"product_cat-wok-azijietiski-makaronai","8":"first","9":"instock","10":"taxable","11":"shipping-taxable","12":"purchasable","13":"product-type-variable"},"acf":[],"aioseo_notices":[],"_links":{"self":[{"href":"https:\/\/shakesnack.lt\/utena-basanaviciaus\/wp-json\/wp\/v2\/product\/14423"}],"collection":[{"href":"https:\/\/shakesnack.lt\/utena-basanaviciaus\/wp-json\/wp\/v2\/product"}],"about":[{"href":"https:\/\/shakesnack.lt\/utena-basanaviciaus\/wp-json\/wp\/v2\/types\/product"}],"wp:featuredmedia":[{"embeddable":true,"href":"https:\/\/shakesnack.lt\/utena-basanaviciaus\/wp-json\/wp\/v2\/media\/36831"}],"wp:attachment":[{"href":"https:\/\/shakesnack.lt\/utena-basanaviciaus\/wp-json\/wp\/v2\/media?parent=14423"}],"wp:term":[{"taxonomy":"product_cat","embeddable":true,"href":"https:\/\/shakesnack.lt\/utena-basanaviciaus\/wp-json\/wp\/v2\/product_cat?post=14423"},{"taxonomy":"product_tag","embeddable":true,"href":"https:\/\/shakesnack.lt\/utena-basanaviciaus\/wp-json\/wp\/v2\/product_tag?post=14423"}],"curies":[{"name":"wp","href":"https:\/\/api.w.org\/{rel}","templated":true}]}}