{"id":37426,"date":"2025-04-18T15:39:34","date_gmt":"2025-04-18T12:39:34","guid":{"rendered":"https:\/\/shakesnack.lt\/ukmerge-vytauto\/?post_type=product&#038;p=37426"},"modified":"2026-04-14T22:36:59","modified_gmt":"2026-04-14T19:36:59","slug":"n5-wok-su-vistiena-ananasais-ir-kvietiniais-makaronais","status":"publish","type":"product","link":"https:\/\/shakesnack.lt\/ukmerge-vytauto\/p\/n5-wok-su-vistiena-ananasais-ir-kvietiniais-makaronais\/","title":{"rendered":"N5. WOK SU VI\u0160TIENA, ananasais ir kvietiniais makaronais"},"content":{"rendered":"","protected":false},"excerpt":{"rendered":"<p>Marinuota vi\u0161tienos \u0161launeli\u0173 m\u0117sa, ananasai, paprikos, svog\u016bnai, morkos, terijakis, austri\u0173 pada\u017eas, svog\u016bn\u0173 \u017ealuma.<\/p>\n","protected":false},"featured_media":37421,"template":"","meta":{"inline_featured_image":false},"product_cat":[178,162],"product_tag":[],"class_list":{"0":"post-37426","1":"product","2":"type-product","3":"status-publish","4":"has-post-thumbnail","6":"product_cat-naujienos-ir-spec-pasiulymai","7":"product_cat-wok-azijietiski-makaronai","9":"first","10":"instock","11":"sale","12":"taxable","13":"shipping-taxable","14":"purchasable","15":"product-type-simple"},"acf":[],"aioseo_notices":[],"_links":{"self":[{"href":"https:\/\/shakesnack.lt\/ukmerge-vytauto\/wp-json\/wp\/v2\/product\/37426"}],"collection":[{"href":"https:\/\/shakesnack.lt\/ukmerge-vytauto\/wp-json\/wp\/v2\/product"}],"about":[{"href":"https:\/\/shakesnack.lt\/ukmerge-vytauto\/wp-json\/wp\/v2\/types\/product"}],"wp:featuredmedia":[{"embeddable":true,"href":"https:\/\/shakesnack.lt\/ukmerge-vytauto\/wp-json\/wp\/v2\/media\/37421"}],"wp:attachment":[{"href":"https:\/\/shakesnack.lt\/ukmerge-vytauto\/wp-json\/wp\/v2\/media?parent=37426"}],"wp:term":[{"taxonomy":"product_cat","embeddable":true,"href":"https:\/\/shakesnack.lt\/ukmerge-vytauto\/wp-json\/wp\/v2\/product_cat?post=37426"},{"taxonomy":"product_tag","embeddable":true,"href":"https:\/\/shakesnack.lt\/ukmerge-vytauto\/wp-json\/wp\/v2\/product_tag?post=37426"}],"curies":[{"name":"wp","href":"https:\/\/api.w.org\/{rel}","templated":true}]}}