{"id":32765,"date":"2024-08-29T10:48:52","date_gmt":"2024-08-29T07:48:52","guid":{"rendered":"https:\/\/shakesnack.lt\/ukmerge-vytauto\/?post_type=product&#038;p=32765"},"modified":"2026-04-18T18:24:09","modified_gmt":"2026-04-18T15:24:09","slug":"sriubakepinti-ryziai-su-kiausiniu-ir-darzovemis","status":"publish","type":"product","link":"https:\/\/shakesnack.lt\/ukmerge-vytauto\/p\/sriubakepinti-ryziai-su-kiausiniu-ir-darzovemis\/","title":{"rendered":"Sriuba+KEPINTI RY\u017dIAI su kiau\u0161iniu ir dar\u017eov\u0117mis  (d. piet\u0173 kaina 4,90)"},"content":{"rendered":"","protected":false},"excerpt":{"rendered":"<p>Su lai\u0161kinio \u010desnako \u017ealuma.<\/p>\n","protected":false},"featured_media":32461,"template":"","meta":{"inline_featured_image":false},"product_cat":[210],"product_tag":[],"class_list":{"0":"post-32765","1":"product","2":"type-product","3":"status-publish","4":"has-post-thumbnail","6":"product_cat-dienos-pietus-i-iv-nuo-1130-iki-1500","8":"first","9":"instock","10":"taxable","11":"shipping-taxable","12":"purchasable","13":"product-type-simple"},"acf":[],"aioseo_notices":[],"_links":{"self":[{"href":"https:\/\/shakesnack.lt\/ukmerge-vytauto\/wp-json\/wp\/v2\/product\/32765"}],"collection":[{"href":"https:\/\/shakesnack.lt\/ukmerge-vytauto\/wp-json\/wp\/v2\/product"}],"about":[{"href":"https:\/\/shakesnack.lt\/ukmerge-vytauto\/wp-json\/wp\/v2\/types\/product"}],"wp:featuredmedia":[{"embeddable":true,"href":"https:\/\/shakesnack.lt\/ukmerge-vytauto\/wp-json\/wp\/v2\/media\/32461"}],"wp:attachment":[{"href":"https:\/\/shakesnack.lt\/ukmerge-vytauto\/wp-json\/wp\/v2\/media?parent=32765"}],"wp:term":[{"taxonomy":"product_cat","embeddable":true,"href":"https:\/\/shakesnack.lt\/ukmerge-vytauto\/wp-json\/wp\/v2\/product_cat?post=32765"},{"taxonomy":"product_tag","embeddable":true,"href":"https:\/\/shakesnack.lt\/ukmerge-vytauto\/wp-json\/wp\/v2\/product_tag?post=32765"}],"curies":[{"name":"wp","href":"https:\/\/api.w.org\/{rel}","templated":true}]}}