{"id":32471,"date":"2024-08-22T03:13:09","date_gmt":"2024-08-22T00:13:09","guid":{"rendered":"https:\/\/shakesnack.lt\/ukmerge-vytauto\/?post_type=product&#038;p=32471"},"modified":"2026-04-14T22:37:03","modified_gmt":"2026-04-14T19:37:03","slug":"4-wok-su-vistiena-spinatais-ir-ryziu-makaronais","status":"publish","type":"product","link":"https:\/\/shakesnack.lt\/ukmerge-vytauto\/p\/4-wok-su-vistiena-spinatais-ir-ryziu-makaronais\/","title":{"rendered":"4. WOK SU VI\u0160TIENA, \u0161pinatais ir ry\u017ei\u0173 makaronais"},"content":{"rendered":"","protected":false},"excerpt":{"rendered":"<p>Su marinuota kiau\u0161inio plakinyje vi\u0161tiena, kepintomis mini morkyt\u0117mis, kukur\u016bz\u0173 burbuolyt\u0117mis, pievagrybiais, austri\u0173 pada\u017eu, \u0161pinat\u0173 lapeliais, lai\u0161kinio \u010desnako \u017ealuma. <\/p>\n","protected":false},"featured_media":32453,"template":"","meta":{"inline_featured_image":false},"product_cat":[162],"product_tag":[],"class_list":{"0":"post-32471","1":"product","2":"type-product","3":"status-publish","4":"has-post-thumbnail","6":"product_cat-wok-azijietiski-makaronai","8":"first","9":"instock","10":"taxable","11":"shipping-taxable","12":"purchasable","13":"product-type-simple"},"acf":[],"aioseo_notices":[],"_links":{"self":[{"href":"https:\/\/shakesnack.lt\/ukmerge-vytauto\/wp-json\/wp\/v2\/product\/32471"}],"collection":[{"href":"https:\/\/shakesnack.lt\/ukmerge-vytauto\/wp-json\/wp\/v2\/product"}],"about":[{"href":"https:\/\/shakesnack.lt\/ukmerge-vytauto\/wp-json\/wp\/v2\/types\/product"}],"wp:featuredmedia":[{"embeddable":true,"href":"https:\/\/shakesnack.lt\/ukmerge-vytauto\/wp-json\/wp\/v2\/media\/32453"}],"wp:attachment":[{"href":"https:\/\/shakesnack.lt\/ukmerge-vytauto\/wp-json\/wp\/v2\/media?parent=32471"}],"wp:term":[{"taxonomy":"product_cat","embeddable":true,"href":"https:\/\/shakesnack.lt\/ukmerge-vytauto\/wp-json\/wp\/v2\/product_cat?post=32471"},{"taxonomy":"product_tag","embeddable":true,"href":"https:\/\/shakesnack.lt\/ukmerge-vytauto\/wp-json\/wp\/v2\/product_tag?post=32471"}],"curies":[{"name":"wp","href":"https:\/\/api.w.org\/{rel}","templated":true}]}}