{"id":32318,"date":"2024-08-19T17:27:26","date_gmt":"2024-08-19T14:27:26","guid":{"rendered":"https:\/\/shakesnack.lt\/ukmerge-vytauto\/?post_type=product&#038;p=32318"},"modified":"2026-04-18T16:15:14","modified_gmt":"2026-04-18T13:15:14","slug":"p2-padeklas-4-5-asmenims-40-vnt","status":"publish","type":"product","link":"https:\/\/shakesnack.lt\/ukmerge-vytauto\/p\/p2-padeklas-4-5-asmenims-40-vnt\/","title":{"rendered":"P2. Pad\u0117klas 4-5 asmenims 40 vnt."},"content":{"rendered":"","protected":false},"excerpt":{"rendered":"<p>8 vnt. California Sake (su la\u0161i\u0161a)<br \/>\n8 vnt. Philadelphia Classic (su la\u0161i\u0161a ir dvigubu s\u016briu)<br \/>\n8 vnt. Midori (su tunu)<br \/>\n8 vnt. Kuro Unagi (su unguriu)<br \/>\n8 vnt. Dragon Sake (su unguriu ir su austri\u0173 pada\u017eu kepta la\u0161i\u0161a)<\/p>\n","protected":false},"featured_media":32319,"template":"","meta":{"inline_featured_image":false},"product_cat":[241,45,234],"product_tag":[],"class_list":{"0":"post-32318","1":"product","2":"type-product","3":"status-publish","4":"has-post-thumbnail","6":"product_cat-moteru-dienos-sventei","7":"product_cat-padeklai","8":"product_cat-rinkiniai-4-5-asmenims","10":"first","11":"instock","12":"sale","13":"taxable","14":"shipping-taxable","15":"purchasable","16":"product-type-simple"},"acf":[],"aioseo_notices":[],"_links":{"self":[{"href":"https:\/\/shakesnack.lt\/ukmerge-vytauto\/wp-json\/wp\/v2\/product\/32318"}],"collection":[{"href":"https:\/\/shakesnack.lt\/ukmerge-vytauto\/wp-json\/wp\/v2\/product"}],"about":[{"href":"https:\/\/shakesnack.lt\/ukmerge-vytauto\/wp-json\/wp\/v2\/types\/product"}],"wp:featuredmedia":[{"embeddable":true,"href":"https:\/\/shakesnack.lt\/ukmerge-vytauto\/wp-json\/wp\/v2\/media\/32319"}],"wp:attachment":[{"href":"https:\/\/shakesnack.lt\/ukmerge-vytauto\/wp-json\/wp\/v2\/media?parent=32318"}],"wp:term":[{"taxonomy":"product_cat","embeddable":true,"href":"https:\/\/shakesnack.lt\/ukmerge-vytauto\/wp-json\/wp\/v2\/product_cat?post=32318"},{"taxonomy":"product_tag","embeddable":true,"href":"https:\/\/shakesnack.lt\/ukmerge-vytauto\/wp-json\/wp\/v2\/product_tag?post=32318"}],"curies":[{"name":"wp","href":"https:\/\/api.w.org\/{rel}","templated":true}]}}