{"id":32301,"date":"2024-08-19T15:48:00","date_gmt":"2024-08-19T12:48:00","guid":{"rendered":"https:\/\/shakesnack.lt\/ukmerge-vytauto\/?post_type=product&#038;p=32301"},"modified":"2025-11-05T16:44:31","modified_gmt":"2025-11-05T14:44:31","slug":"r12-rinkinys-4-asmenims-32-vnt","status":"publish","type":"product","link":"https:\/\/shakesnack.lt\/ukmerge-vytauto\/p\/r12-rinkinys-4-asmenims-32-vnt\/","title":{"rendered":"R12. Rinkinys 4 asmenims 32 vnt."},"content":{"rendered":"","protected":false},"excerpt":{"rendered":"<p>8 vnt. Philadelphia Classic (su la\u0161i\u0161a ir dvigubu s\u016briu)<br \/>\n8 vnt. Midori (su tunu)<br \/>\n8 vnt. Kuro Unagi (su unguriu)<br \/>\n8 vnt. Dragon Sake (su unguriu ir kepta la\u0161i\u0161a su austri\u0173 pada\u017eu)<\/p>\n","protected":false},"featured_media":32307,"template":"","meta":{"inline_featured_image":false},"product_cat":[41,237],"product_tag":[],"class_list":{"0":"post-32301","1":"product","2":"type-product","3":"status-publish","4":"has-post-thumbnail","6":"product_cat-rinkiniai","7":"product_cat-rinkiniai-4-asmenims","9":"first","10":"instock","11":"taxable","12":"shipping-taxable","13":"purchasable","14":"product-type-simple"},"acf":[],"aioseo_notices":[],"_links":{"self":[{"href":"https:\/\/shakesnack.lt\/ukmerge-vytauto\/wp-json\/wp\/v2\/product\/32301"}],"collection":[{"href":"https:\/\/shakesnack.lt\/ukmerge-vytauto\/wp-json\/wp\/v2\/product"}],"about":[{"href":"https:\/\/shakesnack.lt\/ukmerge-vytauto\/wp-json\/wp\/v2\/types\/product"}],"wp:featuredmedia":[{"embeddable":true,"href":"https:\/\/shakesnack.lt\/ukmerge-vytauto\/wp-json\/wp\/v2\/media\/32307"}],"wp:attachment":[{"href":"https:\/\/shakesnack.lt\/ukmerge-vytauto\/wp-json\/wp\/v2\/media?parent=32301"}],"wp:term":[{"taxonomy":"product_cat","embeddable":true,"href":"https:\/\/shakesnack.lt\/ukmerge-vytauto\/wp-json\/wp\/v2\/product_cat?post=32301"},{"taxonomy":"product_tag","embeddable":true,"href":"https:\/\/shakesnack.lt\/ukmerge-vytauto\/wp-json\/wp\/v2\/product_tag?post=32301"}],"curies":[{"name":"wp","href":"https:\/\/api.w.org\/{rel}","templated":true}]}}