{"id":32278,"date":"2024-08-19T14:14:37","date_gmt":"2024-08-19T11:14:37","guid":{"rendered":"https:\/\/shakesnack.lt\/ukmerge-vytauto\/?post_type=product&#038;p=32278"},"modified":"2025-02-14T14:05:55","modified_gmt":"2025-02-14T12:05:55","slug":"saldus-amai-8-vnt","status":"publish","type":"product","link":"https:\/\/shakesnack.lt\/ukmerge-vytauto\/p\/saldus-amai-8-vnt\/","title":{"rendered":"Saldus AMAI 8 vnt."},"content":{"rendered":"","protected":false},"excerpt":{"rendered":"<p>Su vaisiais, kokos\u0173 rie\u0161ut\u0173 dro\u017el\u0117mis.<\/p>\n","protected":false},"featured_media":32310,"template":"","meta":{"inline_featured_image":false},"product_cat":[178,38,175,172,176,212,84,211,88,85,91,90,86,213,214,215,87,225,44],"product_tag":[],"class_list":{"0":"post-32278","1":"product","2":"type-product","3":"status-publish","4":"has-post-thumbnail","6":"product_cat-naujienos-ir-spec-pasiulymai","7":"product_cat-susiai","8":"product_cat-kepti-gruzdinti","9":"product_cat-nigiriai-hosomakiai","10":"product_cat-su-keletu-zuvu","11":"product_cat-su-rukytu-samu","12":"product_cat-su-lasisa","13":"product_cat-su-kepta-lasisa","14":"product_cat-su-unguriu","15":"product_cat-su-tunu","16":"product_cat-su-krevetemis","17":"product_cat-su-krabu-lazdelemis","18":"product_cat-vegetariski","19":"product_cat-su-avokadu","20":"product_cat-su-mangu","21":"product_cat-be-surio-kremo","22":"product_cat-aitrus","23":"product_cat-su-vistiena","24":"product_cat-desertai","26":"first","27":"outofstock","28":"taxable","29":"shipping-taxable","30":"purchasable","31":"product-type-simple"},"acf":[],"aioseo_notices":[],"_links":{"self":[{"href":"https:\/\/shakesnack.lt\/ukmerge-vytauto\/wp-json\/wp\/v2\/product\/32278"}],"collection":[{"href":"https:\/\/shakesnack.lt\/ukmerge-vytauto\/wp-json\/wp\/v2\/product"}],"about":[{"href":"https:\/\/shakesnack.lt\/ukmerge-vytauto\/wp-json\/wp\/v2\/types\/product"}],"wp:featuredmedia":[{"embeddable":true,"href":"https:\/\/shakesnack.lt\/ukmerge-vytauto\/wp-json\/wp\/v2\/media\/32310"}],"wp:attachment":[{"href":"https:\/\/shakesnack.lt\/ukmerge-vytauto\/wp-json\/wp\/v2\/media?parent=32278"}],"wp:term":[{"taxonomy":"product_cat","embeddable":true,"href":"https:\/\/shakesnack.lt\/ukmerge-vytauto\/wp-json\/wp\/v2\/product_cat?post=32278"},{"taxonomy":"product_tag","embeddable":true,"href":"https:\/\/shakesnack.lt\/ukmerge-vytauto\/wp-json\/wp\/v2\/product_tag?post=32278"}],"curies":[{"name":"wp","href":"https:\/\/api.w.org\/{rel}","templated":true}]}}