{"id":32264,"date":"2024-08-19T13:00:35","date_gmt":"2024-08-19T10:00:35","guid":{"rendered":"https:\/\/shakesnack.lt\/ukmerge-vytauto\/?post_type=product&#038;p=32264"},"modified":"2025-10-31T12:36:57","modified_gmt":"2025-10-31T10:36:57","slug":"poke-su-tofu","status":"publish","type":"product","link":"https:\/\/shakesnack.lt\/ukmerge-vytauto\/p\/poke-su-tofu\/","title":{"rendered":"Poke Bowl su Tofu"},"content":{"rendered":"","protected":false},"excerpt":{"rendered":"<p>Gruzdintas TOFU s\u016bris, avokadas, pomidorai, Wakame salotos, su kokos\u0173 pienu marinuotos morkos, mangas, aitrus sald\u017eiar\u016bg\u0161tis pada\u017eas, sezamas, soj\u0173 pada\u017eas.<br \/>\nPOKE skaniname \u010desnako \u017ealuma. Jeigu nem\u0117gstate, informuokite.<\/p>\n","protected":false},"featured_media":32265,"template":"","meta":{"inline_featured_image":false},"product_cat":[39],"product_tag":[],"class_list":{"0":"post-32264","1":"product","2":"type-product","3":"status-publish","4":"has-post-thumbnail","6":"product_cat-pokes-dubenys-ir-salotos","8":"first","9":"instock","10":"taxable","11":"shipping-taxable","12":"purchasable","13":"product-type-simple"},"acf":[],"aioseo_notices":[],"_links":{"self":[{"href":"https:\/\/shakesnack.lt\/ukmerge-vytauto\/wp-json\/wp\/v2\/product\/32264"}],"collection":[{"href":"https:\/\/shakesnack.lt\/ukmerge-vytauto\/wp-json\/wp\/v2\/product"}],"about":[{"href":"https:\/\/shakesnack.lt\/ukmerge-vytauto\/wp-json\/wp\/v2\/types\/product"}],"wp:featuredmedia":[{"embeddable":true,"href":"https:\/\/shakesnack.lt\/ukmerge-vytauto\/wp-json\/wp\/v2\/media\/32265"}],"wp:attachment":[{"href":"https:\/\/shakesnack.lt\/ukmerge-vytauto\/wp-json\/wp\/v2\/media?parent=32264"}],"wp:term":[{"taxonomy":"product_cat","embeddable":true,"href":"https:\/\/shakesnack.lt\/ukmerge-vytauto\/wp-json\/wp\/v2\/product_cat?post=32264"},{"taxonomy":"product_tag","embeddable":true,"href":"https:\/\/shakesnack.lt\/ukmerge-vytauto\/wp-json\/wp\/v2\/product_tag?post=32264"}],"curies":[{"name":"wp","href":"https:\/\/api.w.org\/{rel}","templated":true}]}}