{"id":14531,"date":"2023-04-21T09:35:18","date_gmt":"2023-04-21T06:35:18","guid":{"rendered":"https:\/\/shakesnack.lt\/ukmerge-vytauto\/?post_type=product&#038;p=14531"},"modified":"2025-12-01T10:20:35","modified_gmt":"2025-12-01T08:20:35","slug":"rinkinys-24-vnt-r9","status":"publish","type":"product","link":"https:\/\/shakesnack.lt\/ukmerge-vytauto\/p\/rinkinys-24-vnt-r9\/","title":{"rendered":"R9. Rinkinys 3 asmenims 24 vnt."},"content":{"rendered":"","protected":false},"excerpt":{"rendered":"<p>8 vnt. Itako (su tunu)<br \/>\n8 vnt. Canadian (su unguriu ir la\u0161i\u0161a)<br \/>\n8 vnt. Sake Yaki Ebi (su la\u0161i\u0161a ir krevet\u0117mis)<\/p>\n","protected":false},"featured_media":32291,"template":"","meta":{"inline_featured_image":false},"product_cat":[41,233,203],"product_tag":[],"class_list":{"0":"post-14531","1":"product","2":"type-product","3":"status-publish","4":"has-post-thumbnail","6":"product_cat-rinkiniai","7":"product_cat-rinkiniai-3-4-asmenims","8":"product_cat-top","10":"first","11":"instock","12":"taxable","13":"shipping-taxable","14":"purchasable","15":"product-type-simple"},"acf":[],"aioseo_notices":[],"_links":{"self":[{"href":"https:\/\/shakesnack.lt\/ukmerge-vytauto\/wp-json\/wp\/v2\/product\/14531"}],"collection":[{"href":"https:\/\/shakesnack.lt\/ukmerge-vytauto\/wp-json\/wp\/v2\/product"}],"about":[{"href":"https:\/\/shakesnack.lt\/ukmerge-vytauto\/wp-json\/wp\/v2\/types\/product"}],"wp:featuredmedia":[{"embeddable":true,"href":"https:\/\/shakesnack.lt\/ukmerge-vytauto\/wp-json\/wp\/v2\/media\/32291"}],"wp:attachment":[{"href":"https:\/\/shakesnack.lt\/ukmerge-vytauto\/wp-json\/wp\/v2\/media?parent=14531"}],"wp:term":[{"taxonomy":"product_cat","embeddable":true,"href":"https:\/\/shakesnack.lt\/ukmerge-vytauto\/wp-json\/wp\/v2\/product_cat?post=14531"},{"taxonomy":"product_tag","embeddable":true,"href":"https:\/\/shakesnack.lt\/ukmerge-vytauto\/wp-json\/wp\/v2\/product_tag?post=14531"}],"curies":[{"name":"wp","href":"https:\/\/api.w.org\/{rel}","templated":true}]}}