{"id":14375,"date":"2023-04-21T09:33:59","date_gmt":"2023-04-21T06:33:59","guid":{"rendered":"https:\/\/shakesnack.lt\/ukmerge-vytauto\/?post_type=product&#038;p=14375"},"modified":"2026-04-18T15:35:43","modified_gmt":"2026-04-18T12:35:43","slug":"30-uz-24-kaina-yaki-ebi-tempura-kepti","status":"publish","type":"product","link":"https:\/\/shakesnack.lt\/ukmerge-vytauto\/p\/30-uz-24-kaina-yaki-ebi-tempura-kepti\/","title":{"rendered":"R14. Yaki Ebi Tempura 3 asmenims 30 vnt. (gruzdinti)"},"content":{"rendered":"","protected":false},"excerpt":{"rendered":"<p>30 vnt. Yaki Ebi Tempura su mang\u0173 pada\u017eu (gruzdinti su krevet\u0117mis)<\/p>\n","protected":false},"featured_media":34750,"template":"","meta":{"inline_featured_image":false},"product_cat":[178,175,91,215,41,233,203],"product_tag":[],"class_list":{"0":"post-14375","1":"product","2":"type-product","3":"status-publish","4":"has-post-thumbnail","6":"product_cat-naujienos-ir-spec-pasiulymai","7":"product_cat-kepti-gruzdinti","8":"product_cat-su-krevetemis","9":"product_cat-be-surio-kremo","10":"product_cat-rinkiniai","11":"product_cat-rinkiniai-3-4-asmenims","12":"product_cat-top","14":"first","15":"instock","16":"taxable","17":"shipping-taxable","18":"purchasable","19":"product-type-simple"},"acf":[],"aioseo_notices":[],"_links":{"self":[{"href":"https:\/\/shakesnack.lt\/ukmerge-vytauto\/wp-json\/wp\/v2\/product\/14375"}],"collection":[{"href":"https:\/\/shakesnack.lt\/ukmerge-vytauto\/wp-json\/wp\/v2\/product"}],"about":[{"href":"https:\/\/shakesnack.lt\/ukmerge-vytauto\/wp-json\/wp\/v2\/types\/product"}],"wp:featuredmedia":[{"embeddable":true,"href":"https:\/\/shakesnack.lt\/ukmerge-vytauto\/wp-json\/wp\/v2\/media\/34750"}],"wp:attachment":[{"href":"https:\/\/shakesnack.lt\/ukmerge-vytauto\/wp-json\/wp\/v2\/media?parent=14375"}],"wp:term":[{"taxonomy":"product_cat","embeddable":true,"href":"https:\/\/shakesnack.lt\/ukmerge-vytauto\/wp-json\/wp\/v2\/product_cat?post=14375"},{"taxonomy":"product_tag","embeddable":true,"href":"https:\/\/shakesnack.lt\/ukmerge-vytauto\/wp-json\/wp\/v2\/product_tag?post=14375"}],"curies":[{"name":"wp","href":"https:\/\/api.w.org\/{rel}","templated":true}]}}