{"id":14348,"date":"2023-04-21T09:33:35","date_gmt":"2023-04-21T06:33:35","guid":{"rendered":"https:\/\/shakesnack.lt\/ukmerge-vytauto\/?post_type=product&#038;p=14348"},"modified":"2025-10-31T12:36:58","modified_gmt":"2025-10-31T10:36:58","slug":"poke-bowl-su-gruzdinta-lasisa","status":"publish","type":"product","link":"https:\/\/shakesnack.lt\/ukmerge-vytauto\/p\/poke-bowl-su-gruzdinta-lasisa\/","title":{"rendered":"Poke Bowl su gruzdinta la\u0161i\u0161a"},"content":{"rendered":"","protected":false},"excerpt":{"rendered":"<p>Tra\u0161ki la\u0161i\u0161a, avokadas, agurkas, Wakame salotos, KARAI pada\u017eas, sezamas, migdol\u0173 riekel\u0117s, sojos pada\u017eas.<br \/>\nPOKE skaniname \u010desnako \u017ealuma. Jeigu nem\u0117gstate, informuokite.<\/p>\n","protected":false},"featured_media":32251,"template":"","meta":{"inline_featured_image":false},"product_cat":[39,203],"product_tag":[],"class_list":{"0":"post-14348","1":"product","2":"type-product","3":"status-publish","4":"has-post-thumbnail","6":"product_cat-pokes-dubenys-ir-salotos","7":"product_cat-top","9":"first","10":"instock","11":"taxable","12":"shipping-taxable","13":"purchasable","14":"product-type-simple"},"acf":[],"aioseo_notices":[],"_links":{"self":[{"href":"https:\/\/shakesnack.lt\/ukmerge-vytauto\/wp-json\/wp\/v2\/product\/14348"}],"collection":[{"href":"https:\/\/shakesnack.lt\/ukmerge-vytauto\/wp-json\/wp\/v2\/product"}],"about":[{"href":"https:\/\/shakesnack.lt\/ukmerge-vytauto\/wp-json\/wp\/v2\/types\/product"}],"wp:featuredmedia":[{"embeddable":true,"href":"https:\/\/shakesnack.lt\/ukmerge-vytauto\/wp-json\/wp\/v2\/media\/32251"}],"wp:attachment":[{"href":"https:\/\/shakesnack.lt\/ukmerge-vytauto\/wp-json\/wp\/v2\/media?parent=14348"}],"wp:term":[{"taxonomy":"product_cat","embeddable":true,"href":"https:\/\/shakesnack.lt\/ukmerge-vytauto\/wp-json\/wp\/v2\/product_cat?post=14348"},{"taxonomy":"product_tag","embeddable":true,"href":"https:\/\/shakesnack.lt\/ukmerge-vytauto\/wp-json\/wp\/v2\/product_tag?post=14348"}],"curies":[{"name":"wp","href":"https:\/\/api.w.org\/{rel}","templated":true}]}}