{"id":14345,"date":"2023-04-21T09:33:34","date_gmt":"2023-04-21T06:33:34","guid":{"rendered":"https:\/\/shakesnack.lt\/ukmerge-vytauto\/?post_type=product&#038;p=14345"},"modified":"2026-04-18T15:35:43","modified_gmt":"2026-04-18T12:35:43","slug":"sake-karaage-tempura-su-aitriu-karai-padazu-24-vnt","status":"publish","type":"product","link":"https:\/\/shakesnack.lt\/ukmerge-vytauto\/p\/sake-karaage-tempura-su-aitriu-karai-padazu-24-vnt\/","title":{"rendered":"R13. SAKE KARAAGE TEMPURA 3 asmenims  30 vnt. (gruzdinti)"},"content":{"rendered":"","protected":false},"excerpt":{"rendered":"<p>30 vnt. Sake Karaage Tempura su KARAI pada\u017eu (kepta la\u0161i\u0161a su austri\u0173 pada\u017eu)<\/p>\n","protected":false},"featured_media":34749,"template":"","meta":{"inline_featured_image":false},"product_cat":[175,211,41,233,203],"product_tag":[136],"class_list":{"0":"post-14345","1":"product","2":"type-product","3":"status-publish","4":"has-post-thumbnail","6":"product_cat-kepti-gruzdinti","7":"product_cat-su-kepta-lasisa","8":"product_cat-rinkiniai","9":"product_cat-rinkiniai-3-4-asmenims","10":"product_cat-top","11":"product_tag-apkepti","13":"first","14":"instock","15":"taxable","16":"shipping-taxable","17":"purchasable","18":"product-type-simple"},"acf":[],"aioseo_notices":[],"_links":{"self":[{"href":"https:\/\/shakesnack.lt\/ukmerge-vytauto\/wp-json\/wp\/v2\/product\/14345"}],"collection":[{"href":"https:\/\/shakesnack.lt\/ukmerge-vytauto\/wp-json\/wp\/v2\/product"}],"about":[{"href":"https:\/\/shakesnack.lt\/ukmerge-vytauto\/wp-json\/wp\/v2\/types\/product"}],"wp:featuredmedia":[{"embeddable":true,"href":"https:\/\/shakesnack.lt\/ukmerge-vytauto\/wp-json\/wp\/v2\/media\/34749"}],"wp:attachment":[{"href":"https:\/\/shakesnack.lt\/ukmerge-vytauto\/wp-json\/wp\/v2\/media?parent=14345"}],"wp:term":[{"taxonomy":"product_cat","embeddable":true,"href":"https:\/\/shakesnack.lt\/ukmerge-vytauto\/wp-json\/wp\/v2\/product_cat?post=14345"},{"taxonomy":"product_tag","embeddable":true,"href":"https:\/\/shakesnack.lt\/ukmerge-vytauto\/wp-json\/wp\/v2\/product_tag?post=14345"}],"curies":[{"name":"wp","href":"https:\/\/api.w.org\/{rel}","templated":true}]}}