{"id":14266,"date":"2023-04-21T09:32:56","date_gmt":"2023-04-21T06:32:56","guid":{"rendered":"https:\/\/shakesnack.lt\/ukmerge-vytauto\/?post_type=product&#038;p=14266"},"modified":"2025-12-01T10:11:23","modified_gmt":"2025-12-01T08:11:23","slug":"rinkinys-26-vnt-r6","status":"publish","type":"product","link":"https:\/\/shakesnack.lt\/ukmerge-vytauto\/p\/rinkinys-26-vnt-r6\/","title":{"rendered":"R6. Rinkinys 3 asmenims 26 vnt. (yra gruzdint\u0173)"},"content":{"rendered":"","protected":false},"excerpt":{"rendered":"<p>4 vnt. Sake Tempura (su la\u0161i\u0161a)<br \/>\n4 vnt. Green Sake (su kepta la\u0161i\u0161a ir austri\u0173 pada\u017eu)<br \/>\n4 vnt. California (su krab\u0173 lazdel\u0117mis)<br \/>\n4 vnt. Philadelphia (su la\u0161i\u0161a ir krab\u0173 lazdel\u0117mis)<br \/>\n5 vnt. Yaki Sake Hot (gruzdinti su la\u0161i\u0161a)<br \/>\n5 vnt. Yaki Maguro (gruzdinti su tunu) <\/p>\n","protected":false},"featured_media":32286,"template":"","meta":{"inline_featured_image":false},"product_cat":[41,233,203],"product_tag":[],"class_list":{"0":"post-14266","1":"product","2":"type-product","3":"status-publish","4":"has-post-thumbnail","6":"product_cat-rinkiniai","7":"product_cat-rinkiniai-3-4-asmenims","8":"product_cat-top","10":"first","11":"instock","12":"taxable","13":"shipping-taxable","14":"purchasable","15":"product-type-simple"},"acf":[],"aioseo_notices":[],"_links":{"self":[{"href":"https:\/\/shakesnack.lt\/ukmerge-vytauto\/wp-json\/wp\/v2\/product\/14266"}],"collection":[{"href":"https:\/\/shakesnack.lt\/ukmerge-vytauto\/wp-json\/wp\/v2\/product"}],"about":[{"href":"https:\/\/shakesnack.lt\/ukmerge-vytauto\/wp-json\/wp\/v2\/types\/product"}],"wp:featuredmedia":[{"embeddable":true,"href":"https:\/\/shakesnack.lt\/ukmerge-vytauto\/wp-json\/wp\/v2\/media\/32286"}],"wp:attachment":[{"href":"https:\/\/shakesnack.lt\/ukmerge-vytauto\/wp-json\/wp\/v2\/media?parent=14266"}],"wp:term":[{"taxonomy":"product_cat","embeddable":true,"href":"https:\/\/shakesnack.lt\/ukmerge-vytauto\/wp-json\/wp\/v2\/product_cat?post=14266"},{"taxonomy":"product_tag","embeddable":true,"href":"https:\/\/shakesnack.lt\/ukmerge-vytauto\/wp-json\/wp\/v2\/product_tag?post=14266"}],"curies":[{"name":"wp","href":"https:\/\/api.w.org\/{rel}","templated":true}]}}