{"id":74843,"date":"2026-02-10T11:04:18","date_gmt":"2026-02-10T09:04:18","guid":{"rendered":"https:\/\/shakesnack.lt\/lentvaris-klevu-aleja\/?post_type=product&#038;p=74843"},"modified":"2026-02-10T11:05:04","modified_gmt":"2026-02-10T09:05:04","slug":"4-vistiena-guo-bao-su-ryziais","status":"publish","type":"product","link":"https:\/\/shakesnack.lt\/lentvaris-klevu-aleja\/p\/4-vistiena-guo-bao-su-ryziais\/","title":{"rendered":"4. VI\u0160TIENA GUO BAO su ry\u017eiais"},"content":{"rendered":"","protected":false},"excerpt":{"rendered":"<p>Su kepta vi\u0161\u010diuk\u0173 \u0161launeli\u0173 m\u0117sa, paprikomis, raudonaisiais svog\u016bnais, ananasais, kalendros ir svog\u016bn\u0173 \u017ealuma.<\/p>\n","protected":false},"featured_media":74864,"template":"","meta":{"inline_featured_image":false},"product_cat":[162,211],"product_tag":[],"class_list":{"0":"post-74843","1":"product","2":"type-product","3":"status-publish","4":"has-post-thumbnail","6":"product_cat-wok-azijietiski-makaronai","7":"product_cat-top-2","9":"first","10":"instock","11":"taxable","12":"shipping-taxable","13":"purchasable","14":"product-type-simple"},"acf":[],"aioseo_notices":[],"_links":{"self":[{"href":"https:\/\/shakesnack.lt\/lentvaris-klevu-aleja\/wp-json\/wp\/v2\/product\/74843"}],"collection":[{"href":"https:\/\/shakesnack.lt\/lentvaris-klevu-aleja\/wp-json\/wp\/v2\/product"}],"about":[{"href":"https:\/\/shakesnack.lt\/lentvaris-klevu-aleja\/wp-json\/wp\/v2\/types\/product"}],"wp:featuredmedia":[{"embeddable":true,"href":"https:\/\/shakesnack.lt\/lentvaris-klevu-aleja\/wp-json\/wp\/v2\/media\/74864"}],"wp:attachment":[{"href":"https:\/\/shakesnack.lt\/lentvaris-klevu-aleja\/wp-json\/wp\/v2\/media?parent=74843"}],"wp:term":[{"taxonomy":"product_cat","embeddable":true,"href":"https:\/\/shakesnack.lt\/lentvaris-klevu-aleja\/wp-json\/wp\/v2\/product_cat?post=74843"},{"taxonomy":"product_tag","embeddable":true,"href":"https:\/\/shakesnack.lt\/lentvaris-klevu-aleja\/wp-json\/wp\/v2\/product_tag?post=74843"}],"curies":[{"name":"wp","href":"https:\/\/api.w.org\/{rel}","templated":true}]}}