{"id":74761,"date":"2026-02-10T11:02:29","date_gmt":"2026-02-10T09:02:29","guid":{"rendered":"https:\/\/shakesnack.lt\/lentvaris-klevu-aleja\/?post_type=product&#038;p=74761"},"modified":"2026-04-18T15:25:10","modified_gmt":"2026-04-18T12:25:10","slug":"vistienos-wok-su-saldziarugsciu-padazu-d-pietu-kaina-790","status":"publish","type":"product","link":"https:\/\/shakesnack.lt\/lentvaris-klevu-aleja\/p\/vistienos-wok-su-saldziarugsciu-padazu-d-pietu-kaina-790\/","title":{"rendered":"Vi\u0161tienos WOK su sald\u017eiar\u016bg\u0161\u010diu pada\u017eu  (d. piet\u0173 kaina 7,90)"},"content":{"rendered":"","protected":false},"excerpt":{"rendered":"<p>Wok su vi\u0161tiena, kepintomis dar\u017eov\u0117mis, pievagrybiais, soj\u0173 daigais, terijakiu, soj\u0173 pada\u017eu, \u017ealuma, sezamu.<\/p>\n","protected":false},"featured_media":74801,"template":"","meta":{"inline_featured_image":false},"product_cat":[241],"product_tag":[],"class_list":{"0":"post-74761","1":"product","2":"type-product","3":"status-publish","4":"has-post-thumbnail","6":"product_cat-dienos-pietus-i-iv-nuo-1130-iki-1500","8":"first","9":"instock","10":"taxable","11":"shipping-taxable","12":"purchasable","13":"product-type-simple"},"acf":[],"aioseo_notices":[],"_links":{"self":[{"href":"https:\/\/shakesnack.lt\/lentvaris-klevu-aleja\/wp-json\/wp\/v2\/product\/74761"}],"collection":[{"href":"https:\/\/shakesnack.lt\/lentvaris-klevu-aleja\/wp-json\/wp\/v2\/product"}],"about":[{"href":"https:\/\/shakesnack.lt\/lentvaris-klevu-aleja\/wp-json\/wp\/v2\/types\/product"}],"wp:featuredmedia":[{"embeddable":true,"href":"https:\/\/shakesnack.lt\/lentvaris-klevu-aleja\/wp-json\/wp\/v2\/media\/74801"}],"wp:attachment":[{"href":"https:\/\/shakesnack.lt\/lentvaris-klevu-aleja\/wp-json\/wp\/v2\/media?parent=74761"}],"wp:term":[{"taxonomy":"product_cat","embeddable":true,"href":"https:\/\/shakesnack.lt\/lentvaris-klevu-aleja\/wp-json\/wp\/v2\/product_cat?post=74761"},{"taxonomy":"product_tag","embeddable":true,"href":"https:\/\/shakesnack.lt\/lentvaris-klevu-aleja\/wp-json\/wp\/v2\/product_tag?post=74761"}],"curies":[{"name":"wp","href":"https:\/\/api.w.org\/{rel}","templated":true}]}}