{"id":74752,"date":"2026-02-10T11:02:20","date_gmt":"2026-02-10T09:02:20","guid":{"rendered":"https:\/\/shakesnack.lt\/lentvaris-klevu-aleja\/?post_type=product&#038;p=74752"},"modified":"2026-04-18T15:25:10","modified_gmt":"2026-04-18T12:25:10","slug":"gruzdinti-susiai-su-lasisa-i-10-vnt-d-pietu-kaina-790","status":"publish","type":"product","link":"https:\/\/shakesnack.lt\/lentvaris-klevu-aleja\/p\/gruzdinti-susiai-su-lasisa-i-10-vnt-d-pietu-kaina-790\/","title":{"rendered":"Gruzdinti su\u0161iai su la\u0161i\u0161a I 10 vnt.  (d. piet\u0173 kaina 7,90)"},"content":{"rendered":"","protected":false},"excerpt":{"rendered":"","protected":false},"featured_media":74780,"template":"","meta":{"inline_featured_image":false},"product_cat":[241],"product_tag":[],"class_list":{"0":"post-74752","1":"product","2":"type-product","3":"status-publish","4":"has-post-thumbnail","6":"product_cat-dienos-pietus-i-iv-nuo-1130-iki-1500","8":"first","9":"instock","10":"taxable","11":"shipping-taxable","12":"purchasable","13":"product-type-simple"},"acf":[],"aioseo_notices":[],"_links":{"self":[{"href":"https:\/\/shakesnack.lt\/lentvaris-klevu-aleja\/wp-json\/wp\/v2\/product\/74752"}],"collection":[{"href":"https:\/\/shakesnack.lt\/lentvaris-klevu-aleja\/wp-json\/wp\/v2\/product"}],"about":[{"href":"https:\/\/shakesnack.lt\/lentvaris-klevu-aleja\/wp-json\/wp\/v2\/types\/product"}],"wp:featuredmedia":[{"embeddable":true,"href":"https:\/\/shakesnack.lt\/lentvaris-klevu-aleja\/wp-json\/wp\/v2\/media\/74780"}],"wp:attachment":[{"href":"https:\/\/shakesnack.lt\/lentvaris-klevu-aleja\/wp-json\/wp\/v2\/media?parent=74752"}],"wp:term":[{"taxonomy":"product_cat","embeddable":true,"href":"https:\/\/shakesnack.lt\/lentvaris-klevu-aleja\/wp-json\/wp\/v2\/product_cat?post=74752"},{"taxonomy":"product_tag","embeddable":true,"href":"https:\/\/shakesnack.lt\/lentvaris-klevu-aleja\/wp-json\/wp\/v2\/product_tag?post=74752"}],"curies":[{"name":"wp","href":"https:\/\/api.w.org\/{rel}","templated":true}]}}