{"id":74727,"date":"2026-02-10T11:01:53","date_gmt":"2026-02-10T09:01:53","guid":{"rendered":"https:\/\/shakesnack.lt\/lentvaris-klevu-aleja\/?post_type=product&#038;p=74727"},"modified":"2026-02-10T11:02:47","modified_gmt":"2026-02-10T09:02:47","slug":"r9-rinkinys-3-asmenims-24-vnt","status":"publish","type":"product","link":"https:\/\/shakesnack.lt\/lentvaris-klevu-aleja\/p\/r9-rinkinys-3-asmenims-24-vnt\/","title":{"rendered":"R9. Rinkinys 3 asmenims 24 vnt."},"content":{"rendered":"","protected":false},"excerpt":{"rendered":"<p>8 vnt. Itako (su tunu)<br \/>\n8 vnt. Canadian (su unguriu ir la\u0161i\u0161a)<br \/>\n8 vnt. Sake Yaki Ebi (su la\u0161i\u0161a ir krevet\u0117mis)<\/p>\n","protected":false},"featured_media":74776,"template":"","meta":{"inline_featured_image":false},"product_cat":[240,41,218,211],"product_tag":[],"class_list":{"0":"post-74727","1":"product","2":"type-product","3":"status-publish","4":"has-post-thumbnail","6":"product_cat-sv-kaledu-ir-naujuju-metu-svenciu-meniu","7":"product_cat-rinkiniai","8":"product_cat-rinkiniai-3-asmenims","9":"product_cat-top-2","11":"first","12":"instock","13":"taxable","14":"shipping-taxable","15":"purchasable","16":"product-type-simple"},"acf":[],"aioseo_notices":[],"_links":{"self":[{"href":"https:\/\/shakesnack.lt\/lentvaris-klevu-aleja\/wp-json\/wp\/v2\/product\/74727"}],"collection":[{"href":"https:\/\/shakesnack.lt\/lentvaris-klevu-aleja\/wp-json\/wp\/v2\/product"}],"about":[{"href":"https:\/\/shakesnack.lt\/lentvaris-klevu-aleja\/wp-json\/wp\/v2\/types\/product"}],"wp:featuredmedia":[{"embeddable":true,"href":"https:\/\/shakesnack.lt\/lentvaris-klevu-aleja\/wp-json\/wp\/v2\/media\/74776"}],"wp:attachment":[{"href":"https:\/\/shakesnack.lt\/lentvaris-klevu-aleja\/wp-json\/wp\/v2\/media?parent=74727"}],"wp:term":[{"taxonomy":"product_cat","embeddable":true,"href":"https:\/\/shakesnack.lt\/lentvaris-klevu-aleja\/wp-json\/wp\/v2\/product_cat?post=74727"},{"taxonomy":"product_tag","embeddable":true,"href":"https:\/\/shakesnack.lt\/lentvaris-klevu-aleja\/wp-json\/wp\/v2\/product_tag?post=74727"}],"curies":[{"name":"wp","href":"https:\/\/api.w.org\/{rel}","templated":true}]}}