{"id":74696,"date":"2026-02-10T11:01:17","date_gmt":"2026-02-10T09:01:17","guid":{"rendered":"https:\/\/shakesnack.lt\/lentvaris-klevu-aleja\/?post_type=product&#038;p=74696"},"modified":"2026-02-10T11:02:07","modified_gmt":"2026-02-10T09:02:07","slug":"shakesnack-ramenas-su-vistiena","status":"publish","type":"product","link":"https:\/\/shakesnack.lt\/lentvaris-klevu-aleja\/p\/shakesnack-ramenas-su-vistiena\/","title":{"rendered":",,SHAKESNACK\u201c RAMENAS su vi\u0161tiena"},"content":{"rendered":"","protected":false},"excerpt":{"rendered":"<p>Kepinta vi\u0161tiena, pomidoriukai, \u0161itakiai, makaronai, japoni\u0161kas vi\u0161tienos sultinys, svog\u016bn\u0173 lai\u0161kai.<\/p>\n","protected":false},"featured_media":74739,"template":"","meta":{"inline_featured_image":false},"product_cat":[162,40,211],"product_tag":[],"class_list":{"0":"post-74696","1":"product","2":"type-product","3":"status-publish","4":"has-post-thumbnail","6":"product_cat-wok-azijietiski-makaronai","7":"product_cat-sriubos","8":"product_cat-top-2","10":"first","11":"instock","12":"taxable","13":"shipping-taxable","14":"purchasable","15":"product-type-simple"},"acf":[],"aioseo_notices":[],"_links":{"self":[{"href":"https:\/\/shakesnack.lt\/lentvaris-klevu-aleja\/wp-json\/wp\/v2\/product\/74696"}],"collection":[{"href":"https:\/\/shakesnack.lt\/lentvaris-klevu-aleja\/wp-json\/wp\/v2\/product"}],"about":[{"href":"https:\/\/shakesnack.lt\/lentvaris-klevu-aleja\/wp-json\/wp\/v2\/types\/product"}],"wp:featuredmedia":[{"embeddable":true,"href":"https:\/\/shakesnack.lt\/lentvaris-klevu-aleja\/wp-json\/wp\/v2\/media\/74739"}],"wp:attachment":[{"href":"https:\/\/shakesnack.lt\/lentvaris-klevu-aleja\/wp-json\/wp\/v2\/media?parent=74696"}],"wp:term":[{"taxonomy":"product_cat","embeddable":true,"href":"https:\/\/shakesnack.lt\/lentvaris-klevu-aleja\/wp-json\/wp\/v2\/product_cat?post=74696"},{"taxonomy":"product_tag","embeddable":true,"href":"https:\/\/shakesnack.lt\/lentvaris-klevu-aleja\/wp-json\/wp\/v2\/product_tag?post=74696"}],"curies":[{"name":"wp","href":"https:\/\/api.w.org\/{rel}","templated":true}]}}