{"id":74695,"date":"2026-02-10T11:01:17","date_gmt":"2026-02-10T09:01:17","guid":{"rendered":"https:\/\/shakesnack.lt\/lentvaris-klevu-aleja\/?post_type=product&#038;p=74695"},"modified":"2026-02-10T11:02:06","modified_gmt":"2026-02-10T09:02:06","slug":"2-wok-su-vistiena-grietineles-padazu-ir-kvietiniais-makaronais","status":"publish","type":"product","link":"https:\/\/shakesnack.lt\/lentvaris-klevu-aleja\/p\/2-wok-su-vistiena-grietineles-padazu-ir-kvietiniais-makaronais\/","title":{"rendered":"2. WOK SU VI\u0160TIENA, grietin\u0117l\u0117s pada\u017eu ir kvietiniais makaronais"},"content":{"rendered":"","protected":false},"excerpt":{"rendered":"<p>Su kepta vi\u0161\u010diuk\u0173 \u0161launeli\u0173 m\u0117sa, kepintomis cukinijomis, morkomis, paprikomis, svog\u016bnais ir \u010desnaku, pievagrybiais, baltaisiais ridikais, terijakiu, soj\u0173 pada\u017eu, sezamu, lai\u0161kinio \u010desnako \u017ealuma. <\/p>\n","protected":false},"featured_media":74738,"template":"","meta":{"inline_featured_image":false},"product_cat":[162],"product_tag":[],"class_list":{"0":"post-74695","1":"product","2":"type-product","3":"status-publish","4":"has-post-thumbnail","6":"product_cat-wok-azijietiski-makaronai","8":"first","9":"instock","10":"taxable","11":"shipping-taxable","12":"purchasable","13":"product-type-simple"},"acf":[],"aioseo_notices":[],"_links":{"self":[{"href":"https:\/\/shakesnack.lt\/lentvaris-klevu-aleja\/wp-json\/wp\/v2\/product\/74695"}],"collection":[{"href":"https:\/\/shakesnack.lt\/lentvaris-klevu-aleja\/wp-json\/wp\/v2\/product"}],"about":[{"href":"https:\/\/shakesnack.lt\/lentvaris-klevu-aleja\/wp-json\/wp\/v2\/types\/product"}],"wp:featuredmedia":[{"embeddable":true,"href":"https:\/\/shakesnack.lt\/lentvaris-klevu-aleja\/wp-json\/wp\/v2\/media\/74738"}],"wp:attachment":[{"href":"https:\/\/shakesnack.lt\/lentvaris-klevu-aleja\/wp-json\/wp\/v2\/media?parent=74695"}],"wp:term":[{"taxonomy":"product_cat","embeddable":true,"href":"https:\/\/shakesnack.lt\/lentvaris-klevu-aleja\/wp-json\/wp\/v2\/product_cat?post=74695"},{"taxonomy":"product_tag","embeddable":true,"href":"https:\/\/shakesnack.lt\/lentvaris-klevu-aleja\/wp-json\/wp\/v2\/product_tag?post=74695"}],"curies":[{"name":"wp","href":"https:\/\/api.w.org\/{rel}","templated":true}]}}