{"id":74625,"date":"2026-02-10T11:00:13","date_gmt":"2026-02-10T09:00:13","guid":{"rendered":"https:\/\/shakesnack.lt\/lentvaris-klevu-aleja\/?post_type=product&#038;p=74625"},"modified":"2026-02-10T11:00:58","modified_gmt":"2026-02-10T09:00:58","slug":"traskus-koldunai-su-obuoliais-ir-karameles-padazu","status":"publish","type":"product","link":"https:\/\/shakesnack.lt\/lentvaris-klevu-aleja\/p\/traskus-koldunai-su-obuoliais-ir-karameles-padazu\/","title":{"rendered":"Tra\u0161k\u016bs kold\u016bnai su obuoliais ir karamel\u0117s pada\u017eu"},"content":{"rendered":"","protected":false},"excerpt":{"rendered":"<p>Gruzdinti japoni\u0161ki kold\u016bnai su obuoliais ir cinamonu. <\/p>\n","protected":false},"featured_media":74672,"template":"","meta":{"inline_featured_image":false},"product_cat":[44],"product_tag":[],"class_list":{"0":"post-74625","1":"product","2":"type-product","3":"status-publish","4":"has-post-thumbnail","6":"product_cat-desertai","8":"first","9":"instock","10":"taxable","11":"shipping-taxable","12":"purchasable","13":"product-type-simple"},"acf":[],"aioseo_notices":[],"_links":{"self":[{"href":"https:\/\/shakesnack.lt\/lentvaris-klevu-aleja\/wp-json\/wp\/v2\/product\/74625"}],"collection":[{"href":"https:\/\/shakesnack.lt\/lentvaris-klevu-aleja\/wp-json\/wp\/v2\/product"}],"about":[{"href":"https:\/\/shakesnack.lt\/lentvaris-klevu-aleja\/wp-json\/wp\/v2\/types\/product"}],"wp:featuredmedia":[{"embeddable":true,"href":"https:\/\/shakesnack.lt\/lentvaris-klevu-aleja\/wp-json\/wp\/v2\/media\/74672"}],"wp:attachment":[{"href":"https:\/\/shakesnack.lt\/lentvaris-klevu-aleja\/wp-json\/wp\/v2\/media?parent=74625"}],"wp:term":[{"taxonomy":"product_cat","embeddable":true,"href":"https:\/\/shakesnack.lt\/lentvaris-klevu-aleja\/wp-json\/wp\/v2\/product_cat?post=74625"},{"taxonomy":"product_tag","embeddable":true,"href":"https:\/\/shakesnack.lt\/lentvaris-klevu-aleja\/wp-json\/wp\/v2\/product_tag?post=74625"}],"curies":[{"name":"wp","href":"https:\/\/api.w.org\/{rel}","templated":true}]}}