{"id":74624,"date":"2026-02-10T11:00:12","date_gmt":"2026-02-10T09:00:12","guid":{"rendered":"https:\/\/shakesnack.lt\/lentvaris-klevu-aleja\/?post_type=product&#038;p=74624"},"modified":"2026-02-10T11:00:57","modified_gmt":"2026-02-10T09:00:57","slug":"pasirinktus-susius-sudeti-ant-padeklo-i-rinkiniu-padeklu-kaina-jau-iskaiciuota","status":"publish","type":"product","link":"https:\/\/shakesnack.lt\/lentvaris-klevu-aleja\/p\/pasirinktus-susius-sudeti-ant-padeklo-i-rinkiniu-padeklu-kaina-jau-iskaiciuota\/","title":{"rendered":"Pasirinktus su\u0161ius sud\u0117ti ant pad\u0117klo (\u012f rinkini\u0173\/pad\u0117kl\u0173 kain\u0105 jau \u012fskai\u010diuota)"},"content":{"rendered":"","protected":false},"excerpt":{"rendered":"","protected":false},"featured_media":74671,"template":"","meta":{"inline_featured_image":false},"product_cat":[231],"product_tag":[118],"class_list":{"0":"post-74624","1":"product","2":"type-product","3":"status-publish","4":"has-post-thumbnail","6":"product_cat-priedai-2","7":"product_tag-pasiulymas-krepselyje","9":"first","10":"instock","11":"taxable","12":"shipping-taxable","13":"purchasable","14":"product-type-simple"},"acf":[],"aioseo_notices":[],"_links":{"self":[{"href":"https:\/\/shakesnack.lt\/lentvaris-klevu-aleja\/wp-json\/wp\/v2\/product\/74624"}],"collection":[{"href":"https:\/\/shakesnack.lt\/lentvaris-klevu-aleja\/wp-json\/wp\/v2\/product"}],"about":[{"href":"https:\/\/shakesnack.lt\/lentvaris-klevu-aleja\/wp-json\/wp\/v2\/types\/product"}],"wp:featuredmedia":[{"embeddable":true,"href":"https:\/\/shakesnack.lt\/lentvaris-klevu-aleja\/wp-json\/wp\/v2\/media\/74671"}],"wp:attachment":[{"href":"https:\/\/shakesnack.lt\/lentvaris-klevu-aleja\/wp-json\/wp\/v2\/media?parent=74624"}],"wp:term":[{"taxonomy":"product_cat","embeddable":true,"href":"https:\/\/shakesnack.lt\/lentvaris-klevu-aleja\/wp-json\/wp\/v2\/product_cat?post=74624"},{"taxonomy":"product_tag","embeddable":true,"href":"https:\/\/shakesnack.lt\/lentvaris-klevu-aleja\/wp-json\/wp\/v2\/product_tag?post=74624"}],"curies":[{"name":"wp","href":"https:\/\/api.w.org\/{rel}","templated":true}]}}