{"id":74616,"date":"2026-02-10T11:00:06","date_gmt":"2026-02-10T09:00:06","guid":{"rendered":"https:\/\/shakesnack.lt\/lentvaris-klevu-aleja\/?post_type=product&#038;p=74616"},"modified":"2026-02-10T11:00:52","modified_gmt":"2026-02-10T09:00:52","slug":"traskus-uzkandziu-rinkinys-14-vnt","status":"publish","type":"product","link":"https:\/\/shakesnack.lt\/lentvaris-klevu-aleja\/p\/traskus-uzkandziu-rinkinys-14-vnt\/","title":{"rendered":"Tra\u0161kus u\u017ekand\u017ei\u0173 rinkinys 14 vnt."},"content":{"rendered":"","protected":false},"excerpt":{"rendered":"<p>Gruzdintos krevet\u0117s, kalmar\u0173 \u017eiedai, kold\u016bnai su vi\u0161tiena ir baravykais, suktinukai su dar\u017eov\u0117mis, midijos ir sald\u017eiar\u016bg\u0161tis aitrokas pada\u017eas.<\/p>\n","protected":false},"featured_media":74663,"template":"","meta":{"inline_featured_image":false},"product_cat":[43],"product_tag":[],"class_list":{"0":"post-74616","1":"product","2":"type-product","3":"status-publish","4":"has-post-thumbnail","6":"product_cat-uzkandziai","8":"first","9":"instock","10":"taxable","11":"shipping-taxable","12":"purchasable","13":"product-type-simple"},"acf":[],"aioseo_notices":[],"_links":{"self":[{"href":"https:\/\/shakesnack.lt\/lentvaris-klevu-aleja\/wp-json\/wp\/v2\/product\/74616"}],"collection":[{"href":"https:\/\/shakesnack.lt\/lentvaris-klevu-aleja\/wp-json\/wp\/v2\/product"}],"about":[{"href":"https:\/\/shakesnack.lt\/lentvaris-klevu-aleja\/wp-json\/wp\/v2\/types\/product"}],"wp:featuredmedia":[{"embeddable":true,"href":"https:\/\/shakesnack.lt\/lentvaris-klevu-aleja\/wp-json\/wp\/v2\/media\/74663"}],"wp:attachment":[{"href":"https:\/\/shakesnack.lt\/lentvaris-klevu-aleja\/wp-json\/wp\/v2\/media?parent=74616"}],"wp:term":[{"taxonomy":"product_cat","embeddable":true,"href":"https:\/\/shakesnack.lt\/lentvaris-klevu-aleja\/wp-json\/wp\/v2\/product_cat?post=74616"},{"taxonomy":"product_tag","embeddable":true,"href":"https:\/\/shakesnack.lt\/lentvaris-klevu-aleja\/wp-json\/wp\/v2\/product_tag?post=74616"}],"curies":[{"name":"wp","href":"https:\/\/api.w.org\/{rel}","templated":true}]}}