{"id":74612,"date":"2026-02-10T11:00:03","date_gmt":"2026-02-10T09:00:03","guid":{"rendered":"https:\/\/shakesnack.lt\/lentvaris-klevu-aleja\/?post_type=product&#038;p=74612"},"modified":"2026-02-10T11:00:35","modified_gmt":"2026-02-10T09:00:35","slug":"gruzdinti-kalmaru-ziedai-10-vnt","status":"publish","type":"product","link":"https:\/\/shakesnack.lt\/lentvaris-klevu-aleja\/p\/gruzdinti-kalmaru-ziedai-10-vnt\/","title":{"rendered":"Gruzdinti kalmar\u0173 \u017eiedai 10 vnt."},"content":{"rendered":"","protected":false},"excerpt":{"rendered":"<p>Kepti kalmar\u0173 \u017eiedai su sald\u017eiar\u016bg\u0161\u010diu aitriu pada\u017eu<\/p>\n","protected":false},"featured_media":74642,"template":"","meta":{"inline_featured_image":false},"product_cat":[43],"product_tag":[],"class_list":{"0":"post-74612","1":"product","2":"type-product","3":"status-publish","4":"has-post-thumbnail","6":"product_cat-uzkandziai","8":"first","9":"instock","10":"taxable","11":"shipping-taxable","12":"purchasable","13":"product-type-simple"},"acf":[],"aioseo_notices":[],"_links":{"self":[{"href":"https:\/\/shakesnack.lt\/lentvaris-klevu-aleja\/wp-json\/wp\/v2\/product\/74612"}],"collection":[{"href":"https:\/\/shakesnack.lt\/lentvaris-klevu-aleja\/wp-json\/wp\/v2\/product"}],"about":[{"href":"https:\/\/shakesnack.lt\/lentvaris-klevu-aleja\/wp-json\/wp\/v2\/types\/product"}],"wp:featuredmedia":[{"embeddable":true,"href":"https:\/\/shakesnack.lt\/lentvaris-klevu-aleja\/wp-json\/wp\/v2\/media\/74642"}],"wp:attachment":[{"href":"https:\/\/shakesnack.lt\/lentvaris-klevu-aleja\/wp-json\/wp\/v2\/media?parent=74612"}],"wp:term":[{"taxonomy":"product_cat","embeddable":true,"href":"https:\/\/shakesnack.lt\/lentvaris-klevu-aleja\/wp-json\/wp\/v2\/product_cat?post=74612"},{"taxonomy":"product_tag","embeddable":true,"href":"https:\/\/shakesnack.lt\/lentvaris-klevu-aleja\/wp-json\/wp\/v2\/product_tag?post=74612"}],"curies":[{"name":"wp","href":"https:\/\/api.w.org\/{rel}","templated":true}]}}