{"id":41045,"date":"2025-04-18T17:11:18","date_gmt":"2025-04-18T14:11:18","guid":{"rendered":"https:\/\/shakesnack.lt\/kedainiai-basanaviciaus\/?post_type=product&#038;p=41045"},"modified":"2026-02-14T21:09:41","modified_gmt":"2026-02-14T19:09:41","slug":"n2-vistiena-guo-bao-su-ryziais","status":"publish","type":"product","link":"https:\/\/shakesnack.lt\/kedainiai-basanaviciaus\/p\/n2-vistiena-guo-bao-su-ryziais\/","title":{"rendered":"N2. VI\u0160TIENA GUO BAO su ry\u017eiais"},"content":{"rendered":"","protected":false},"excerpt":{"rendered":"<p>Su kepta vi\u0161\u010diuk\u0173 \u0161launeli\u0173 m\u0117sa, paprikomis, raudonaisiais svog\u016bnais, ananasais, kalendros ir svog\u016bn\u0173 \u017ealuma.<\/p>\n","protected":false},"featured_media":41039,"template":"","meta":{"inline_featured_image":false},"product_cat":[178,162],"product_tag":[],"class_list":{"0":"post-41045","1":"product","2":"type-product","3":"status-publish","4":"has-post-thumbnail","6":"product_cat-naujienos-ir-spec-pasiulymai","7":"product_cat-wok-azijietiski-makaronai","9":"first","10":"instock","11":"sale","12":"taxable","13":"shipping-taxable","14":"purchasable","15":"product-type-simple"},"acf":[],"aioseo_notices":[],"_links":{"self":[{"href":"https:\/\/shakesnack.lt\/kedainiai-basanaviciaus\/wp-json\/wp\/v2\/product\/41045"}],"collection":[{"href":"https:\/\/shakesnack.lt\/kedainiai-basanaviciaus\/wp-json\/wp\/v2\/product"}],"about":[{"href":"https:\/\/shakesnack.lt\/kedainiai-basanaviciaus\/wp-json\/wp\/v2\/types\/product"}],"wp:featuredmedia":[{"embeddable":true,"href":"https:\/\/shakesnack.lt\/kedainiai-basanaviciaus\/wp-json\/wp\/v2\/media\/41039"}],"wp:attachment":[{"href":"https:\/\/shakesnack.lt\/kedainiai-basanaviciaus\/wp-json\/wp\/v2\/media?parent=41045"}],"wp:term":[{"taxonomy":"product_cat","embeddable":true,"href":"https:\/\/shakesnack.lt\/kedainiai-basanaviciaus\/wp-json\/wp\/v2\/product_cat?post=41045"},{"taxonomy":"product_tag","embeddable":true,"href":"https:\/\/shakesnack.lt\/kedainiai-basanaviciaus\/wp-json\/wp\/v2\/product_tag?post=41045"}],"curies":[{"name":"wp","href":"https:\/\/api.w.org\/{rel}","templated":true}]}}