{"id":14373,"date":"2023-04-21T09:33:58","date_gmt":"2023-04-21T06:33:58","guid":{"rendered":"https:\/\/shakesnack.lt\/kedainiai-basanaviciaus\/?post_type=product&#038;p=14373"},"modified":"2026-05-07T17:45:12","modified_gmt":"2026-05-07T14:45:12","slug":"gruzdinti-susiai-su-kepta-lasisa-i-10-vnt","status":"publish","type":"product","link":"https:\/\/shakesnack.lt\/kedainiai-basanaviciaus\/p\/gruzdinti-susiai-su-kepta-lasisa-i-10-vnt\/","title":{"rendered":"Gruzdinti su\u0161iai su kepta la\u0161i\u0161a I 10 vnt.  (d. piet\u0173 kaina 7,90)"},"content":{"rendered":"","protected":false},"excerpt":{"rendered":"<p>Kepta la\u0161i\u0161a, s\u016brio kremas, agurkas, sezamai, KARAI pada\u017eas, terijakis.<\/p>\n","protected":false},"featured_media":15352,"template":"","meta":{"inline_featured_image":false},"product_cat":[210],"product_tag":[],"class_list":{"0":"post-14373","1":"product","2":"type-product","3":"status-publish","4":"has-post-thumbnail","6":"product_cat-dienos-pietus-i-iv-nuo-1130-iki-1500","8":"first","9":"instock","10":"taxable","11":"shipping-taxable","12":"purchasable","13":"product-type-simple"},"acf":[],"aioseo_notices":[],"_links":{"self":[{"href":"https:\/\/shakesnack.lt\/kedainiai-basanaviciaus\/wp-json\/wp\/v2\/product\/14373"}],"collection":[{"href":"https:\/\/shakesnack.lt\/kedainiai-basanaviciaus\/wp-json\/wp\/v2\/product"}],"about":[{"href":"https:\/\/shakesnack.lt\/kedainiai-basanaviciaus\/wp-json\/wp\/v2\/types\/product"}],"wp:featuredmedia":[{"embeddable":true,"href":"https:\/\/shakesnack.lt\/kedainiai-basanaviciaus\/wp-json\/wp\/v2\/media\/15352"}],"wp:attachment":[{"href":"https:\/\/shakesnack.lt\/kedainiai-basanaviciaus\/wp-json\/wp\/v2\/media?parent=14373"}],"wp:term":[{"taxonomy":"product_cat","embeddable":true,"href":"https:\/\/shakesnack.lt\/kedainiai-basanaviciaus\/wp-json\/wp\/v2\/product_cat?post=14373"},{"taxonomy":"product_tag","embeddable":true,"href":"https:\/\/shakesnack.lt\/kedainiai-basanaviciaus\/wp-json\/wp\/v2\/product_tag?post=14373"}],"curies":[{"name":"wp","href":"https:\/\/api.w.org\/{rel}","templated":true}]}}